{"id":10188,"date":"2018-04-23T09:13:10","date_gmt":"2018-04-23T07:13:10","guid":{"rendered":"http:\/\/www.altercampagne.net\/?page_id=10188"},"modified":"2019-11-06T16:43:43","modified_gmt":"2019-11-06T15:43:43","slug":"bieretour-2018","status":"publish","type":"page","link":"https:\/\/www.altercampagne.net\/?page_id=10188","title":{"rendered":"Bi\u00e8reTour 2018"},"content":{"rendered":"<h1 style=\"text-align: center;\">Bi\u00e8reTour 2018<\/h1>\n\n<p style=\"text-align: center;\"><a  class=\"x-btn x-btn-mini\"  href=\"http:\/\/www.altercampagne.net\/?page_id=178\"     data-options=\"thumbnail: ''\">Je m&rsquo;inscris<\/a>\n","protected":false},"excerpt":{"rendered":"<p>Bi\u00e8reTour 2018<\/p>\n","protected":false},"author":214,"featured_media":0,"parent":0,"menu_order":5,"comment_status":"closed","ping_status":"closed","template":"template-blank-1.php","meta":{"footnotes":""},"class_list":["post-10188","page","type-page","status-publish","hentry","no-post-thumbnail"],"yoast_head":"<!-- This site is optimized with the Yoast SEO plugin v27.3 - https:\/\/yoast.com\/product\/yoast-seo-wordpress\/ -->\n<title>Bi\u00e8reTour 2018 - AlterTour<\/title>\n<meta name=\"description\" content=\"Un tour itin\u00e9rant \u00e0 v\u00e9lo \u00e0 la rencontre des alternatives autour de la fabrication de la bi\u00e8re : voici le programme !\" \/>\n<meta name=\"robots\" content=\"index, follow, max-snippet:-1, max-image-preview:large, max-video-preview:-1\" \/>\n<link rel=\"canonical\" href=\"https:\/\/www.altercampagne.net\/?page_id=10188\" \/>\n<meta property=\"og:locale\" content=\"fr_FR\" \/>\n<meta property=\"og:type\" content=\"article\" \/>\n<meta property=\"og:title\" content=\"Bi\u00e8reTour 2018 - AlterTour\" \/>\n<meta property=\"og:description\" content=\"Un tour itin\u00e9rant \u00e0 v\u00e9lo \u00e0 la rencontre des alternatives autour de la fabrication de la bi\u00e8re : voici le programme !\" \/>\n<meta property=\"og:url\" content=\"https:\/\/www.altercampagne.net\/?page_id=10188\" \/>\n<meta property=\"og:site_name\" content=\"AlterTour\" \/>\n<meta property=\"article:modified_time\" content=\"2019-11-06T15:43:43+00:00\" \/>\n<meta name=\"twitter:card\" content=\"summary_large_image\" \/>\n<script type=\"application\/ld+json\" class=\"yoast-schema-graph\">{\"@context\":\"https:\\\/\\\/schema.org\",\"@graph\":[{\"@type\":\"WebPage\",\"@id\":\"https:\\\/\\\/www.altercampagne.net\\\/?page_id=10188\",\"url\":\"https:\\\/\\\/www.altercampagne.net\\\/?page_id=10188\",\"name\":\"Bi\u00e8reTour 2018 - AlterTour\",\"isPartOf\":{\"@id\":\"https:\\\/\\\/www.altercampagne.net\\\/#website\"},\"datePublished\":\"2018-04-23T07:13:10+00:00\",\"dateModified\":\"2019-11-06T15:43:43+00:00\",\"description\":\"Un tour itin\u00e9rant \u00e0 v\u00e9lo \u00e0 la rencontre des alternatives autour de la fabrication de la bi\u00e8re : voici le programme !\",\"breadcrumb\":{\"@id\":\"https:\\\/\\\/www.altercampagne.net\\\/?page_id=10188#breadcrumb\"},\"inLanguage\":\"fr-FR\",\"potentialAction\":[{\"@type\":\"ReadAction\",\"target\":[\"https:\\\/\\\/www.altercampagne.net\\\/?page_id=10188\"]}]},{\"@type\":\"BreadcrumbList\",\"@id\":\"https:\\\/\\\/www.altercampagne.net\\\/?page_id=10188#breadcrumb\",\"itemListElement\":[{\"@type\":\"ListItem\",\"position\":1,\"name\":\"Accueil\",\"item\":\"https:\\\/\\\/www.altercampagne.net\\\/\"},{\"@type\":\"ListItem\",\"position\":2,\"name\":\"Bi\u00e8reTour 2018\"}]},{\"@type\":\"WebSite\",\"@id\":\"https:\\\/\\\/www.altercampagne.net\\\/#website\",\"url\":\"https:\\\/\\\/www.altercampagne.net\\\/\",\"name\":\"AlterTour\",\"description\":\"Reliez les Alternatives \u00e0 v\u00e9lo\",\"potentialAction\":[{\"@type\":\"SearchAction\",\"target\":{\"@type\":\"EntryPoint\",\"urlTemplate\":\"https:\\\/\\\/www.altercampagne.net\\\/?s={search_term_string}\"},\"query-input\":{\"@type\":\"PropertyValueSpecification\",\"valueRequired\":true,\"valueName\":\"search_term_string\"}}],\"inLanguage\":\"fr-FR\"}]}<\/script>\n<!-- \/ Yoast SEO plugin. -->","yoast_head_json":{"title":"Bi\u00e8reTour 2018 - AlterTour","description":"Un tour itin\u00e9rant \u00e0 v\u00e9lo \u00e0 la rencontre des alternatives autour de la fabrication de la bi\u00e8re : voici le programme !","robots":{"index":"index","follow":"follow","max-snippet":"max-snippet:-1","max-image-preview":"max-image-preview:large","max-video-preview":"max-video-preview:-1"},"canonical":"https:\/\/www.altercampagne.net\/?page_id=10188","og_locale":"fr_FR","og_type":"article","og_title":"Bi\u00e8reTour 2018 - AlterTour","og_description":"Un tour itin\u00e9rant \u00e0 v\u00e9lo \u00e0 la rencontre des alternatives autour de la fabrication de la bi\u00e8re : voici le programme !","og_url":"https:\/\/www.altercampagne.net\/?page_id=10188","og_site_name":"AlterTour","article_modified_time":"2019-11-06T15:43:43+00:00","twitter_card":"summary_large_image","schema":{"@context":"https:\/\/schema.org","@graph":[{"@type":"WebPage","@id":"https:\/\/www.altercampagne.net\/?page_id=10188","url":"https:\/\/www.altercampagne.net\/?page_id=10188","name":"Bi\u00e8reTour 2018 - AlterTour","isPartOf":{"@id":"https:\/\/www.altercampagne.net\/#website"},"datePublished":"2018-04-23T07:13:10+00:00","dateModified":"2019-11-06T15:43:43+00:00","description":"Un tour itin\u00e9rant \u00e0 v\u00e9lo \u00e0 la rencontre des alternatives autour de la fabrication de la bi\u00e8re : voici le programme !","breadcrumb":{"@id":"https:\/\/www.altercampagne.net\/?page_id=10188#breadcrumb"},"inLanguage":"fr-FR","potentialAction":[{"@type":"ReadAction","target":["https:\/\/www.altercampagne.net\/?page_id=10188"]}]},{"@type":"BreadcrumbList","@id":"https:\/\/www.altercampagne.net\/?page_id=10188#breadcrumb","itemListElement":[{"@type":"ListItem","position":1,"name":"Accueil","item":"https:\/\/www.altercampagne.net\/"},{"@type":"ListItem","position":2,"name":"Bi\u00e8reTour 2018"}]},{"@type":"WebSite","@id":"https:\/\/www.altercampagne.net\/#website","url":"https:\/\/www.altercampagne.net\/","name":"AlterTour","description":"Reliez les Alternatives \u00e0 v\u00e9lo","potentialAction":[{"@type":"SearchAction","target":{"@type":"EntryPoint","urlTemplate":"https:\/\/www.altercampagne.net\/?s={search_term_string}"},"query-input":{"@type":"PropertyValueSpecification","valueRequired":true,"valueName":"search_term_string"}}],"inLanguage":"fr-FR"}]}},"_links":{"self":[{"href":"https:\/\/www.altercampagne.net\/index.php?rest_route=\/wp\/v2\/pages\/10188","targetHints":{"allow":["GET"]}}],"collection":[{"href":"https:\/\/www.altercampagne.net\/index.php?rest_route=\/wp\/v2\/pages"}],"about":[{"href":"https:\/\/www.altercampagne.net\/index.php?rest_route=\/wp\/v2\/types\/page"}],"author":[{"embeddable":true,"href":"https:\/\/www.altercampagne.net\/index.php?rest_route=\/wp\/v2\/users\/214"}],"replies":[{"embeddable":true,"href":"https:\/\/www.altercampagne.net\/index.php?rest_route=%2Fwp%2Fv2%2Fcomments&post=10188"}],"version-history":[{"count":0,"href":"https:\/\/www.altercampagne.net\/index.php?rest_route=\/wp\/v2\/pages\/10188\/revisions"}],"wp:attachment":[{"href":"https:\/\/www.altercampagne.net\/index.php?rest_route=%2Fwp%2Fv2%2Fmedia&parent=10188"}],"curies":[{"name":"wp","href":"https:\/\/api.w.org\/{rel}","templated":true}]}}