{"id":13792,"date":"2021-05-26T10:08:00","date_gmt":"2021-05-26T08:08:00","guid":{"rendered":"http:\/\/www.altercampagne.net\/?page_id=13792"},"modified":"2022-05-01T11:32:10","modified_gmt":"2022-05-01T09:32:10","slug":"beforetour-2019","status":"publish","type":"page","link":"https:\/\/www.altercampagne.net\/?page_id=13792","title":{"rendered":"Before 2022"},"content":{"rendered":"\n<p><strong>Quelques jours avant le d\u00e9but \u00ab officiel \u00bb de l\u2019AlterTour, les derniers pr\u00e9paratifs vont bon train\u2026 Chacun.e pr\u00e9pare ses affaires, les organisateurices d\u2019\u00e9tape s\u2019occupent des commandes, les volontaires conduisent les v\u00e9hicules et la remorque \u00e0 v\u00e9los jusqu\u2019au lieu du rendez-vous\u2026 et puis c\u2019est le BEFORE TOUR !\u00a0<\/strong><\/p>\n\n\n\n<h5 class=\"wp-block-heading\">C\u2019est quoi ?<\/h5>\n\n\n\n<p>Le Before ce sont quelques jours o\u00f9 celles et ceux qui ont envie, et un peu de temps, peuvent <strong>participer \u00e0 la mise en route de l\u2019AlterTour, notamment la pr\u00e9paration logistique<\/strong>.\u00a0<\/p>\n\n\n\n<h5 class=\"wp-block-heading\">Qu\u2019est-ce qu\u2019on y fait ?<\/h5>\n\n\n\n<p>Au menu des r\u00e9jouissances :<\/p>\n\n\n\n<ul class=\"wp-block-list\"><li>les premi\u00e8res courses de nourriture<\/li><li>les derni\u00e8res r\u00e9visions des v\u00e9los<\/li><li>nettoyage et rangement dans les v\u00e9hicules<\/li><li>un dernier point formation dans le camion logistique pour que chacun\u00b7e puisse pendant l\u2019AlterTour se familiariser facilement avec le rangement et le fonctionnement (\u00e9tendoir \u00e0 torchons, \u00e9tiquetage, pharmacie, inventaire,\u2026)<\/li><li>la pr\u00e9paration des outils d\u2019autogestion  ! <\/li><\/ul>\n\n\n\n<h5 class=\"wp-block-heading\">C\u2019est o\u00f9 et quand ?&nbsp;<\/h5>\n\n\n\n<p>Cette ann\u00e9e, il se d\u00e9roulera<\/p>\n\n\n\n<ul class=\"wp-block-list\"><li><strong>du samedi 9 juillet au dimanche 10 juillet (le 11 c\u2019est le grand d\u00e9part !)<\/strong><\/li><li><strong>\u00e0<\/strong> Nice (le lieu est encore \u00e0 confirmer)<\/li><\/ul>\n\n\n\n<h5 class=\"wp-block-heading\" id=\"magicdomid23\">Comment \u00e7a marche ?<\/h5>\n\n\n\n<p>Ces journ\u00e9es ne sont pas payantes, les repas sont pris en charge par l\u2019AlterTour. Pour participer, vous pouvez le sp\u00e9cifier au moment de votre inscription.<\/p>\n\n\n\n<h5 class=\"wp-block-heading\">C\u2019est pour qui ?<\/h5>\n\n\n\n<p>Ces journ\u00e9es sont ouvertes \u00e0 tou\u00b7te\u00b7s les participant\u00b7e\u00b7s de l\u2019ann\u00e9e, bienvenue !<\/p>\n","protected":false},"excerpt":{"rendered":"<p>Quelques jours avant le d\u00e9but \u00ab officiel \u00bb de l\u2019AlterTour, les derniers pr\u00e9paratifs vont bon train\u2026 Chacun.e pr\u00e9pare ses affaires, les organisateurices d\u2019\u00e9tape s\u2019occupent des commandes, les volontaires conduisent les v\u00e9hicules et la remorque \u00e0 v\u00e9los jusqu\u2019au lieu du rendez-vous\u2026 et puis c\u2019est le BEFORE TOUR !\u00a0 C\u2019est quoi ? &#8230; <\/p>\n<div><a href=\"https:\/\/www.altercampagne.net\/?page_id=13792\" class=\"more-link\">Read More<\/a><\/div>\n","protected":false},"author":214,"featured_media":22155,"parent":0,"menu_order":0,"comment_status":"closed","ping_status":"closed","template":"","meta":{"footnotes":""},"class_list":["post-13792","page","type-page","status-publish","has-post-thumbnail","hentry"],"yoast_head":"<!-- This site is optimized with the Yoast SEO plugin v27.3 - https:\/\/yoast.com\/product\/yoast-seo-wordpress\/ -->\n<title>Before 2022 - AlterTour<\/title>\n<meta name=\"robots\" content=\"index, follow, max-snippet:-1, max-image-preview:large, max-video-preview:-1\" \/>\n<link rel=\"canonical\" href=\"https:\/\/www.altercampagne.net\/?page_id=13792\" \/>\n<meta property=\"og:locale\" content=\"fr_FR\" \/>\n<meta property=\"og:type\" content=\"article\" \/>\n<meta property=\"og:title\" content=\"Before 2022 - AlterTour\" \/>\n<meta property=\"og:description\" content=\"Quelques jours avant le d\u00e9but \u00ab officiel \u00bb de l\u2019AlterTour, les derniers pr\u00e9paratifs vont bon train\u2026 Chacun.e pr\u00e9pare ses affaires, les organisateurices d\u2019\u00e9tape s\u2019occupent des commandes, les volontaires conduisent les v\u00e9hicules et la remorque \u00e0 v\u00e9los jusqu\u2019au lieu du rendez-vous\u2026 et puis c\u2019est le BEFORE TOUR !\u00a0 C\u2019est quoi ? ... Read More\" \/>\n<meta property=\"og:url\" content=\"https:\/\/www.altercampagne.net\/?page_id=13792\" \/>\n<meta property=\"og:site_name\" content=\"AlterTour\" \/>\n<meta property=\"article:modified_time\" content=\"2022-05-01T09:32:10+00:00\" \/>\n<meta property=\"og:image\" content=\"https:\/\/www.altercampagne.net\/wp-content\/uploads\/2021\/05\/MG_0278.jpg\" \/>\n\t<meta property=\"og:image:width\" content=\"1200\" \/>\n\t<meta property=\"og:image:height\" content=\"630\" \/>\n\t<meta property=\"og:image:type\" content=\"image\/jpeg\" \/>\n<meta name=\"twitter:card\" content=\"summary_large_image\" \/>\n<meta name=\"twitter:label1\" content=\"Dur\u00e9e de lecture estim\u00e9e\" \/>\n\t<meta name=\"twitter:data1\" content=\"2 minutes\" \/>\n<script type=\"application\/ld+json\" class=\"yoast-schema-graph\">{\"@context\":\"https:\\\/\\\/schema.org\",\"@graph\":[{\"@type\":\"WebPage\",\"@id\":\"https:\\\/\\\/www.altercampagne.net\\\/?page_id=13792\",\"url\":\"https:\\\/\\\/www.altercampagne.net\\\/?page_id=13792\",\"name\":\"Before 2022 - AlterTour\",\"isPartOf\":{\"@id\":\"https:\\\/\\\/www.altercampagne.net\\\/#website\"},\"primaryImageOfPage\":{\"@id\":\"https:\\\/\\\/www.altercampagne.net\\\/?page_id=13792#primaryimage\"},\"image\":{\"@id\":\"https:\\\/\\\/www.altercampagne.net\\\/?page_id=13792#primaryimage\"},\"thumbnailUrl\":\"https:\\\/\\\/www.altercampagne.net\\\/wp-content\\\/uploads\\\/2021\\\/05\\\/MG_0278.jpg\",\"datePublished\":\"2021-05-26T08:08:00+00:00\",\"dateModified\":\"2022-05-01T09:32:10+00:00\",\"breadcrumb\":{\"@id\":\"https:\\\/\\\/www.altercampagne.net\\\/?page_id=13792#breadcrumb\"},\"inLanguage\":\"fr-FR\",\"potentialAction\":[{\"@type\":\"ReadAction\",\"target\":[\"https:\\\/\\\/www.altercampagne.net\\\/?page_id=13792\"]}]},{\"@type\":\"ImageObject\",\"inLanguage\":\"fr-FR\",\"@id\":\"https:\\\/\\\/www.altercampagne.net\\\/?page_id=13792#primaryimage\",\"url\":\"https:\\\/\\\/www.altercampagne.net\\\/wp-content\\\/uploads\\\/2021\\\/05\\\/MG_0278.jpg\",\"contentUrl\":\"https:\\\/\\\/www.altercampagne.net\\\/wp-content\\\/uploads\\\/2021\\\/05\\\/MG_0278.jpg\",\"width\":1200,\"height\":630},{\"@type\":\"BreadcrumbList\",\"@id\":\"https:\\\/\\\/www.altercampagne.net\\\/?page_id=13792#breadcrumb\",\"itemListElement\":[{\"@type\":\"ListItem\",\"position\":1,\"name\":\"Accueil\",\"item\":\"https:\\\/\\\/www.altercampagne.net\\\/\"},{\"@type\":\"ListItem\",\"position\":2,\"name\":\"Before 2022\"}]},{\"@type\":\"WebSite\",\"@id\":\"https:\\\/\\\/www.altercampagne.net\\\/#website\",\"url\":\"https:\\\/\\\/www.altercampagne.net\\\/\",\"name\":\"AlterTour\",\"description\":\"Reliez les Alternatives \u00e0 v\u00e9lo\",\"potentialAction\":[{\"@type\":\"SearchAction\",\"target\":{\"@type\":\"EntryPoint\",\"urlTemplate\":\"https:\\\/\\\/www.altercampagne.net\\\/?s={search_term_string}\"},\"query-input\":{\"@type\":\"PropertyValueSpecification\",\"valueRequired\":true,\"valueName\":\"search_term_string\"}}],\"inLanguage\":\"fr-FR\"}]}<\/script>\n<!-- \/ Yoast SEO plugin. -->","yoast_head_json":{"title":"Before 2022 - AlterTour","robots":{"index":"index","follow":"follow","max-snippet":"max-snippet:-1","max-image-preview":"max-image-preview:large","max-video-preview":"max-video-preview:-1"},"canonical":"https:\/\/www.altercampagne.net\/?page_id=13792","og_locale":"fr_FR","og_type":"article","og_title":"Before 2022 - AlterTour","og_description":"Quelques jours avant le d\u00e9but \u00ab officiel \u00bb de l\u2019AlterTour, les derniers pr\u00e9paratifs vont bon train\u2026 Chacun.e pr\u00e9pare ses affaires, les organisateurices d\u2019\u00e9tape s\u2019occupent des commandes, les volontaires conduisent les v\u00e9hicules et la remorque \u00e0 v\u00e9los jusqu\u2019au lieu du rendez-vous\u2026 et puis c\u2019est le BEFORE TOUR !\u00a0 C\u2019est quoi ? ... Read More","og_url":"https:\/\/www.altercampagne.net\/?page_id=13792","og_site_name":"AlterTour","article_modified_time":"2022-05-01T09:32:10+00:00","og_image":[{"width":1200,"height":630,"url":"https:\/\/www.altercampagne.net\/wp-content\/uploads\/2021\/05\/MG_0278.jpg","type":"image\/jpeg"}],"twitter_card":"summary_large_image","twitter_misc":{"Dur\u00e9e de lecture estim\u00e9e":"2 minutes"},"schema":{"@context":"https:\/\/schema.org","@graph":[{"@type":"WebPage","@id":"https:\/\/www.altercampagne.net\/?page_id=13792","url":"https:\/\/www.altercampagne.net\/?page_id=13792","name":"Before 2022 - AlterTour","isPartOf":{"@id":"https:\/\/www.altercampagne.net\/#website"},"primaryImageOfPage":{"@id":"https:\/\/www.altercampagne.net\/?page_id=13792#primaryimage"},"image":{"@id":"https:\/\/www.altercampagne.net\/?page_id=13792#primaryimage"},"thumbnailUrl":"https:\/\/www.altercampagne.net\/wp-content\/uploads\/2021\/05\/MG_0278.jpg","datePublished":"2021-05-26T08:08:00+00:00","dateModified":"2022-05-01T09:32:10+00:00","breadcrumb":{"@id":"https:\/\/www.altercampagne.net\/?page_id=13792#breadcrumb"},"inLanguage":"fr-FR","potentialAction":[{"@type":"ReadAction","target":["https:\/\/www.altercampagne.net\/?page_id=13792"]}]},{"@type":"ImageObject","inLanguage":"fr-FR","@id":"https:\/\/www.altercampagne.net\/?page_id=13792#primaryimage","url":"https:\/\/www.altercampagne.net\/wp-content\/uploads\/2021\/05\/MG_0278.jpg","contentUrl":"https:\/\/www.altercampagne.net\/wp-content\/uploads\/2021\/05\/MG_0278.jpg","width":1200,"height":630},{"@type":"BreadcrumbList","@id":"https:\/\/www.altercampagne.net\/?page_id=13792#breadcrumb","itemListElement":[{"@type":"ListItem","position":1,"name":"Accueil","item":"https:\/\/www.altercampagne.net\/"},{"@type":"ListItem","position":2,"name":"Before 2022"}]},{"@type":"WebSite","@id":"https:\/\/www.altercampagne.net\/#website","url":"https:\/\/www.altercampagne.net\/","name":"AlterTour","description":"Reliez les Alternatives \u00e0 v\u00e9lo","potentialAction":[{"@type":"SearchAction","target":{"@type":"EntryPoint","urlTemplate":"https:\/\/www.altercampagne.net\/?s={search_term_string}"},"query-input":{"@type":"PropertyValueSpecification","valueRequired":true,"valueName":"search_term_string"}}],"inLanguage":"fr-FR"}]}},"_links":{"self":[{"href":"https:\/\/www.altercampagne.net\/index.php?rest_route=\/wp\/v2\/pages\/13792","targetHints":{"allow":["GET"]}}],"collection":[{"href":"https:\/\/www.altercampagne.net\/index.php?rest_route=\/wp\/v2\/pages"}],"about":[{"href":"https:\/\/www.altercampagne.net\/index.php?rest_route=\/wp\/v2\/types\/page"}],"author":[{"embeddable":true,"href":"https:\/\/www.altercampagne.net\/index.php?rest_route=\/wp\/v2\/users\/214"}],"replies":[{"embeddable":true,"href":"https:\/\/www.altercampagne.net\/index.php?rest_route=%2Fwp%2Fv2%2Fcomments&post=13792"}],"version-history":[{"count":2,"href":"https:\/\/www.altercampagne.net\/index.php?rest_route=\/wp\/v2\/pages\/13792\/revisions"}],"predecessor-version":[{"id":25287,"href":"https:\/\/www.altercampagne.net\/index.php?rest_route=\/wp\/v2\/pages\/13792\/revisions\/25287"}],"wp:featuredmedia":[{"embeddable":true,"href":"https:\/\/www.altercampagne.net\/index.php?rest_route=\/wp\/v2\/media\/22155"}],"wp:attachment":[{"href":"https:\/\/www.altercampagne.net\/index.php?rest_route=%2Fwp%2Fv2%2Fmedia&parent=13792"}],"curies":[{"name":"wp","href":"https:\/\/api.w.org\/{rel}","templated":true}]}}