{"id":148,"date":"2014-11-22T17:50:15","date_gmt":"2014-11-22T16:50:15","guid":{"rendered":"http:\/\/altercampagne.net\/?page_id=148"},"modified":"2025-05-17T21:20:07","modified_gmt":"2025-05-17T19:20:07","slug":"documents","status":"publish","type":"page","link":"https:\/\/www.altercampagne.net\/?page_id=148","title":{"rendered":"Guide de l&rsquo;Altercycliste"},"content":{"rendered":"<div id=\"cs-content\" class=\"cs-content\"><div id=\"x-section-1\" class=\"x-section bg-image\" style=\"margin: 0px;padding: 280px 0px; background-image: url(http:\/\/www.altercampagne.net\/wp-content\/uploads\/2018\/02\/altertour-altercycliste.jpg); background-color: transparent;\" data-x-element=\"section\" data-x-params=\"{&quot;type&quot;:&quot;image&quot;,&quot;parallax&quot;:false}\"><div id=\"\" class=\"x-container max width\" style=\"margin: 0px auto;padding: 0px;\" ><div  class=\"x-column x-sm x-1-1\" style=\"padding: 0px;\" >&nbsp;<\/div><\/div><\/div><div id=\"x-section-2\" class=\"x-section\" style=\"margin: 0px;padding: 45px 0px; background-color: transparent;\" ><div id=\"\" class=\"x-container max width\" style=\"margin: -190px auto 0px;padding: 0px;\" ><div id=\"bloque-texte\" class=\"x-column x-sm x-1-1\" style=\"padding: 0 5% 5%; background-color:hsla(0, 0%, 100%, 0.92);\" ><div id=\"\" class=\"x-text\" style=\"\" ><h1 style=\"text-align: center;\">Guide de l\u2019Altercycliste<\/h1>\n<\/div><hr  class=\"x-gap\" style=\"margin: 70px 0 0 0;\"><div class=\"x-content-area e148-e9 m44-0\"><span>Le Guide et la charte de l'AlterCycliste sont valables pour l'AlterTour, l'Alter-D-Tour et les Echapp\u00e9es belles (Seulement un AlterTour en 2023).<\/span>\n<span>   <\/span><\/div><hr  class=\"x-gap\" style=\"margin: 20px 0 0 0;\"><div  class=\"x-accordion\" ><div  class=\"x-accordion-group\" ><div class=\"x-accordion-heading\"><a id=\"tab-69f4cd6ca6de7\" class=\"x-accordion-toggle collapsed\" role=\"tab\" data-x-toggle=\"collapse-b\" data-x-toggleable=\"69f4cd6ca6de7\" aria-selected=\"false\" aria-expanded=\"false\" aria-controls=\"panel-69f4cd6ca6de7\"><i class='x-framework-icon x-shortcode-accordion-icon' data-x-icon-s='&#x2b;' aria-hidden=true><\/i><span>Ce qu'il faut emporter<\/span><\/a><\/div><div id=\"panel-69f4cd6ca6de7\" class=\"x-accordion-body x-collapsed\" role=\"tabpanel\" data-x-toggle-collapse=\"1\" data-x-toggleable=\"69f4cd6ca6de7\" aria-hidden=\"true\" aria-labelledby=\"tab-69f4cd6ca6de7\"><div class=\"x-accordion-inner\"><h5>Mat\u00e9riel personnel<\/h5>\n<p>Chaque participant-e vient avec<\/p>\n\n<ul>\n \t<li><b>Son mat\u00e9riel de camping :\u00a0<\/b><strong>tente, sac de couchage, matelas<\/strong>. \u00a0Lampe de poche et boules Quies peuvent \u00eatre des alli\u00e9s pr\u00e9cieux.<\/li>\n        <li>\u00a0Sacoches de v\u00e9lo pour transporter ses affaires personnelles autant que possible, les v\u00e9hicules du Tour sont d\u00e9j\u00e0 tr\u00e8s charg\u00e9s avec le mat\u00e9riel collectif. <\/span><a href=\"http:\/\/www.altercampagne.net\/?page_id=18243\" target=\"_blank\" rel=\"noopener\"><strong>Retrouvez les conseils de Fabien pour faire son sac<\/strong><\/a> en n'emportant que l'essentiel, mais tout l'essentiel !<\/li>\n \t<li>Gourde, lunettes de soleil, cr\u00e8me solaire, casquette, v\u00eatement de pluie, maillot de bain, pour \u00eatre heureux dans\u00a0toutes les conditions m\u00e9t\u00e9o.<\/li>\n \t<li>Instruments de musique, carnet de chants, appareil photo, peuvent avoir leur utilit\u00e9 \u00e0 un moment ou \u00e0 un autre du parcours.<\/li>\n \t<li>\u00a0Savons et shampoings respectueux de l\u2019environnement sont \u00e0 privil\u00e9gier.<\/li>\n        <li>\u00a0Gants de travail pour avoir les mains prot\u00e9g\u00e9es lors des chantiers participatifs.<\/li>\n<\/ul>\n<p>Pour les repas, l'AlterTour s'occupe de tout ! (vaisselle couvert, mat\u00e9riel de pr\u00e9paration des repas).<\/p>\n\n<h5>Mat\u00e9riel V\u00e9lo<\/h5>\n<h6>S\u00e9curit\u00e9 \u00e0 v\u00e9lo\u00a0:<\/h6>\n<p>Prenez <b>un casque et des lampes<\/b>, une lampe avant (ou une frontale) et une lampe rouge arri\u00e8re. Privil\u00e9giez des lampes qui s\u2019adaptent sur tous les v\u00e9lo (avec des \u00e9lastiques qui s\u2019accrochent au guidon ou sous la selle). Ceci est aussi vrai si l\u2019AlterTour vous pr\u00eate un v\u00e9lo car il ne sera pas forc\u00e9ment \u00e9quip\u00e9 de lumi\u00e8res (et nous roulons parfois de nuit sur de courtes distances).<\/p>\n\n<h6>Petites r\u00e9parations\u00a0:<\/h6>\n<p>L\u2019AlterTour met \u00e0 disposition un peu d\u2019outillage, mais il ne s\u2019agit pas d\u2019un atelier de remise en \u00e9tat de bicyclettes. Si on vient avec son propre v\u00e9lo, il faut donc veiller \u00e0 ce qu\u2019il soit en bon \u00e9tat. Il est fortement conseill\u00e9 d\u2019emporter <b>un peu de mat\u00e9riel de r\u00e9paration de base <\/b>(pompe, chambre \u00e0 air, rustines, etc.)<\/p>\n\n<h6>D\u00e9co\u00a0:<\/h6>\n<p>Vous pouvez apporter <strong>un klaxon rigolo, des autocollants militants<\/strong> et tout ce qui vous passe par la t\u00eate pour mettre de la bonne humeur sur les v\u00e9los.<\/p>\n\n<\/ul><\/div><\/div><\/div><div  class=\"x-accordion-group\" ><div class=\"x-accordion-heading\"><a id=\"tab-69f4cd6ca6e05\" class=\"x-accordion-toggle collapsed\" role=\"tab\" data-x-toggle=\"collapse-b\" data-x-toggleable=\"69f4cd6ca6e05\" aria-selected=\"false\" aria-expanded=\"false\" aria-controls=\"panel-69f4cd6ca6e05\"><i class='x-framework-icon x-shortcode-accordion-icon' data-x-icon-s='&#x2b;' aria-hidden=true><\/i><span>Comment \u00e7a fonctionne au quotidien<\/span><\/a><\/div><div id=\"panel-69f4cd6ca6e05\" class=\"x-accordion-body x-collapsed\" role=\"tabpanel\" data-x-toggle-collapse=\"1\" data-x-toggleable=\"69f4cd6ca6e05\" aria-hidden=\"true\" aria-labelledby=\"tab-69f4cd6ca6e05\"><div class=\"x-accordion-inner\"><h5>Vie quotidienne participative<\/h5>\n<p>Chacun contribue au bon fonctionnement du quotidien. En effet, l\u2019AlterTour fonctionne de mani\u00e8re participative, dans le respect des r\u00e8gles d\u00e9finies par les membres de l\u2019association avant le tour. Il n\u2019y a pas de structure hi\u00e9rarchique, ni d\u2019individu-e-s ayant un r\u00f4le pr\u00e9d\u00e9fini (comme cuisinier.e, chauffeur.se ou installateur.rice de toilettes s\u00e8ches). Les diff\u00e9rentes t\u00e2ches sont distribu\u00e9es lors du temps de briefing quotidien. <b>Chaque participant s\u2019engage pour une t\u00e2che par jour <\/b>afin d\u2019assurer un roulement \u00e9quilibr\u00e9<b>.<\/b> Bien s\u00fbr, il peut compter sur l\u2019aide des personnes plus exp\u00e9riment\u00e9es.<\/p>\n<p>A l\u2019arriv\u00e9e sur le lieu d\u2019h\u00e9bergement, chacun.e plante sa tente. La pr\u00e9paration du repas, l\u2019installation des douches, des toilettes s\u00e8ches sont lanc\u00e9es par les trin\u00f4mes de volontaires identifi\u00e9es au briefing. Le lendemain chacun.e plie ses affaires et participe au rangement du mat\u00e9riel collectif, afin de laisser le terrain en l\u2019\u00e9tat.<\/p>\n\n<h5>Organisation \u00e0 v\u00e9lo sur la route<\/h5>\n<p>Lors du trajet \u00e0 v\u00e9lo, le groupe s\u2019organise avec diff\u00e9rents postes :<\/p>\n\n<ul>\n \t<li>Le <b>guide<\/b>, qui tient la carte et m\u00e8ne le groupe. A ne d\u00e9passer, sous peine d\u2019\u00e9garement assur\u00e9<\/li>\n \t<li>Les<b> serre-file<\/b>, qui ferment la marche. Ils sont muni-e-s d\u2019un gilet\u00a0jaune, et\u00a0\u00e9quip\u00e9-e-s d\u2019une trousse de premiers secours.<\/li>\n \t<li>Les \u201c<b>fl\u00e8ches <\/b>humaines\u201d\u00a0: \u00e0 chaque carrefour, une ou deux personnes restent pour indiquer le chemin aux suivants. Les fl\u00e8ches ne quittent leur poste qu\u2019au passage des serre-files !<\/li>\n<\/ul>\n<p>Sur les routes passantes, on s\u2019organise en petits groupes de 5 \u00e0 8 v\u00e9los, espac\u00e9s d\u2019une dizaine de m\u00e8tres chacun pour permettre aux v\u00e9hicules motoris\u00e9s de nous d\u00e9passer.<\/p>\n\n<h5>Avant de quitter l\u2019AlterTour<\/h5>\n<p>Avant de partir, c\u2019est la grande \u00e9motion, alors il arrive qu\u2019on y perde la t\u00eate et aussi qu\u2019on oublie de laisser ce que l\u2019on a emprunt\u00e9 \u00e0 l\u2019organisation ou \u00e0 un-e altercycliste. Bon c\u2019est pas forc\u00e9ment si grave, mais \u00e0 chaque AlterTour, il y a aussi des v\u00e9los qui s\u2019\u00e9garent et qu\u2019il faut aller rechercher\u2026 Alors, \u00e0 chaque fin d\u2019\u00e9tape, mais surtout \u00e0 la derni\u00e8re, il faut <b>rapporter le v\u00e9lo que l\u2019on a utilis\u00e9 pr\u00e8s de la remorque<\/b> !<\/p><\/div><\/div><\/div><div  class=\"x-accordion-group\" ><div class=\"x-accordion-heading\"><a id=\"tab-69f4cd6ca6e1c\" class=\"x-accordion-toggle collapsed\" role=\"tab\" data-x-toggle=\"collapse-b\" data-x-toggleable=\"69f4cd6ca6e1c\" aria-selected=\"false\" aria-expanded=\"false\" aria-controls=\"panel-69f4cd6ca6e1c\"><i class='x-framework-icon x-shortcode-accordion-icon' data-x-icon-s='&#x2b;' aria-hidden=true><\/i><span>Charte de l'Altercycliste  <\/span><\/a><\/div><div id=\"panel-69f4cd6ca6e1c\" class=\"x-accordion-body x-collapsed\" role=\"tabpanel\" data-x-toggle-collapse=\"1\" data-x-toggleable=\"69f4cd6ca6e1c\" aria-hidden=\"true\" aria-labelledby=\"tab-69f4cd6ca6e1c\"><div class=\"x-accordion-inner\"><p>L'altercycliste s'engage \u00e0 :<\/p>\n<p>- participer \u00e0 <strong>la vie collective<\/strong> et participative de l\u2019AlterTour<\/p>\n<p>- rouler en respectant les consignes de <strong>s\u00e9curit\u00e9<\/strong><\/p>\n\n<ul>\n \t<li>respecter le <strong>code de la route<\/strong>.<\/li>\n \t<li>porter un <strong>casque<\/strong>.<\/li>\n \t<li>rouler en bin\u00f4me et respecter les distances de s\u00e9curit\u00e9 : pas de peloton compact.<\/li>\n<\/ul>\n<p>-\u00a0ne <strong>pas <\/strong>utiliser de <strong>v\u00e9hicule personnel <\/strong>pour accompagner les altercyclistes.<\/p>\n<p>- emporter un <strong>sac<\/strong>\u00a0d'un poids et d'une taille raisonnables et son mat\u00e9riel de camping (tente, sac de couchage, matelas)<br \/>\n- respecter la nuit le <strong>sommeil<\/strong> des personnes pr\u00e9sentes sur le site.<br \/>\n- pr\u00e9server la <strong>propret\u00e9<\/strong> des sites d'accueil de l'AlterTour.<\/p><\/div><\/div><\/div><\/div><\/div><\/div><\/div><\/div>\n","protected":false},"excerpt":{"rendered":"<p>&nbsp;Guide de l\u2019Altercycliste Le Guide et la charte de l&rsquo;AlterCycliste sont valables pour l&rsquo;AlterTour, l&rsquo;Alter-D-Tour et les Echapp\u00e9es belles (Seulement un AlterTour en 2023). Ce qu&rsquo;il faut emporterMat\u00e9riel personnel Chaque participant-e vient avec Son mat\u00e9riel de camping :\u00a0tente, sac de couchage, matelas. \u00a0Lampe de poche et boules Quies peuvent \u00eatre &#8230; <\/p>\n<div><a href=\"https:\/\/www.altercampagne.net\/?page_id=148\" class=\"more-link\">Read More<\/a><\/div>\n","protected":false},"author":215,"featured_media":0,"parent":34,"menu_order":4,"comment_status":"closed","ping_status":"closed","template":"template-blank-4.php","meta":{"footnotes":""},"class_list":["post-148","page","type-page","status-publish","hentry","no-post-thumbnail"],"yoast_head":"<!-- This site is optimized with the Yoast SEO plugin v27.3 - https:\/\/yoast.com\/product\/yoast-seo-wordpress\/ -->\n<title>Guide de l&#039;Altercycliste - AlterTour<\/title>\n<meta name=\"robots\" content=\"index, follow, max-snippet:-1, max-image-preview:large, max-video-preview:-1\" \/>\n<link rel=\"canonical\" href=\"https:\/\/www.altercampagne.net\/?page_id=148\" \/>\n<meta property=\"og:locale\" content=\"fr_FR\" \/>\n<meta property=\"og:type\" content=\"article\" \/>\n<meta property=\"og:title\" content=\"Guide de l&#039;Altercycliste - AlterTour\" \/>\n<meta property=\"og:description\" content=\"&nbsp;Guide de l\u2019Altercycliste Le Guide et la charte de l&#039;AlterCycliste sont valables pour l&#039;AlterTour, l&#039;Alter-D-Tour et les Echapp\u00e9es belles (Seulement un AlterTour en 2023). Ce qu&#039;il faut emporterMat\u00e9riel personnel Chaque participant-e vient avec Son mat\u00e9riel de camping :\u00a0tente, sac de couchage, matelas. \u00a0Lampe de poche et boules Quies peuvent \u00eatre ... Read More\" \/>\n<meta property=\"og:url\" content=\"https:\/\/www.altercampagne.net\/?page_id=148\" \/>\n<meta property=\"og:site_name\" content=\"AlterTour\" \/>\n<meta property=\"article:modified_time\" content=\"2025-05-17T19:20:07+00:00\" \/>\n<meta name=\"twitter:card\" content=\"summary_large_image\" \/>\n<meta name=\"twitter:label1\" content=\"Dur\u00e9e de lecture estim\u00e9e\" \/>\n\t<meta name=\"twitter:data1\" content=\"6 minutes\" \/>\n<script type=\"application\/ld+json\" class=\"yoast-schema-graph\">{\"@context\":\"https:\\\/\\\/schema.org\",\"@graph\":[{\"@type\":\"WebPage\",\"@id\":\"https:\\\/\\\/www.altercampagne.net\\\/?page_id=148\",\"url\":\"https:\\\/\\\/www.altercampagne.net\\\/?page_id=148\",\"name\":\"Guide de l'Altercycliste - AlterTour\",\"isPartOf\":{\"@id\":\"https:\\\/\\\/www.altercampagne.net\\\/#website\"},\"datePublished\":\"2014-11-22T16:50:15+00:00\",\"dateModified\":\"2025-05-17T19:20:07+00:00\",\"breadcrumb\":{\"@id\":\"https:\\\/\\\/www.altercampagne.net\\\/?page_id=148#breadcrumb\"},\"inLanguage\":\"fr-FR\",\"potentialAction\":[{\"@type\":\"ReadAction\",\"target\":[\"https:\\\/\\\/www.altercampagne.net\\\/?page_id=148\"]}]},{\"@type\":\"BreadcrumbList\",\"@id\":\"https:\\\/\\\/www.altercampagne.net\\\/?page_id=148#breadcrumb\",\"itemListElement\":[{\"@type\":\"ListItem\",\"position\":1,\"name\":\"Accueil\",\"item\":\"https:\\\/\\\/www.altercampagne.net\\\/\"},{\"@type\":\"ListItem\",\"position\":2,\"name\":\"L&rsquo;association\",\"item\":\"https:\\\/\\\/www.altercampagne.net\\\/?page_id=34\"},{\"@type\":\"ListItem\",\"position\":3,\"name\":\"Guide de l&rsquo;Altercycliste\"}]},{\"@type\":\"WebSite\",\"@id\":\"https:\\\/\\\/www.altercampagne.net\\\/#website\",\"url\":\"https:\\\/\\\/www.altercampagne.net\\\/\",\"name\":\"AlterTour\",\"description\":\"Reliez les Alternatives \u00e0 v\u00e9lo\",\"potentialAction\":[{\"@type\":\"SearchAction\",\"target\":{\"@type\":\"EntryPoint\",\"urlTemplate\":\"https:\\\/\\\/www.altercampagne.net\\\/?s={search_term_string}\"},\"query-input\":{\"@type\":\"PropertyValueSpecification\",\"valueRequired\":true,\"valueName\":\"search_term_string\"}}],\"inLanguage\":\"fr-FR\"}]}<\/script>\n<!-- \/ Yoast SEO plugin. -->","yoast_head_json":{"title":"Guide de l'Altercycliste - AlterTour","robots":{"index":"index","follow":"follow","max-snippet":"max-snippet:-1","max-image-preview":"max-image-preview:large","max-video-preview":"max-video-preview:-1"},"canonical":"https:\/\/www.altercampagne.net\/?page_id=148","og_locale":"fr_FR","og_type":"article","og_title":"Guide de l'Altercycliste - AlterTour","og_description":"&nbsp;Guide de l\u2019Altercycliste Le Guide et la charte de l'AlterCycliste sont valables pour l'AlterTour, l'Alter-D-Tour et les Echapp\u00e9es belles (Seulement un AlterTour en 2023). Ce qu'il faut emporterMat\u00e9riel personnel Chaque participant-e vient avec Son mat\u00e9riel de camping :\u00a0tente, sac de couchage, matelas. \u00a0Lampe de poche et boules Quies peuvent \u00eatre ... Read More","og_url":"https:\/\/www.altercampagne.net\/?page_id=148","og_site_name":"AlterTour","article_modified_time":"2025-05-17T19:20:07+00:00","twitter_card":"summary_large_image","twitter_misc":{"Dur\u00e9e de lecture estim\u00e9e":"6 minutes"},"schema":{"@context":"https:\/\/schema.org","@graph":[{"@type":"WebPage","@id":"https:\/\/www.altercampagne.net\/?page_id=148","url":"https:\/\/www.altercampagne.net\/?page_id=148","name":"Guide de l'Altercycliste - AlterTour","isPartOf":{"@id":"https:\/\/www.altercampagne.net\/#website"},"datePublished":"2014-11-22T16:50:15+00:00","dateModified":"2025-05-17T19:20:07+00:00","breadcrumb":{"@id":"https:\/\/www.altercampagne.net\/?page_id=148#breadcrumb"},"inLanguage":"fr-FR","potentialAction":[{"@type":"ReadAction","target":["https:\/\/www.altercampagne.net\/?page_id=148"]}]},{"@type":"BreadcrumbList","@id":"https:\/\/www.altercampagne.net\/?page_id=148#breadcrumb","itemListElement":[{"@type":"ListItem","position":1,"name":"Accueil","item":"https:\/\/www.altercampagne.net\/"},{"@type":"ListItem","position":2,"name":"L&rsquo;association","item":"https:\/\/www.altercampagne.net\/?page_id=34"},{"@type":"ListItem","position":3,"name":"Guide de l&rsquo;Altercycliste"}]},{"@type":"WebSite","@id":"https:\/\/www.altercampagne.net\/#website","url":"https:\/\/www.altercampagne.net\/","name":"AlterTour","description":"Reliez les Alternatives \u00e0 v\u00e9lo","potentialAction":[{"@type":"SearchAction","target":{"@type":"EntryPoint","urlTemplate":"https:\/\/www.altercampagne.net\/?s={search_term_string}"},"query-input":{"@type":"PropertyValueSpecification","valueRequired":true,"valueName":"search_term_string"}}],"inLanguage":"fr-FR"}]}},"_links":{"self":[{"href":"https:\/\/www.altercampagne.net\/index.php?rest_route=\/wp\/v2\/pages\/148","targetHints":{"allow":["GET"]}}],"collection":[{"href":"https:\/\/www.altercampagne.net\/index.php?rest_route=\/wp\/v2\/pages"}],"about":[{"href":"https:\/\/www.altercampagne.net\/index.php?rest_route=\/wp\/v2\/types\/page"}],"author":[{"embeddable":true,"href":"https:\/\/www.altercampagne.net\/index.php?rest_route=\/wp\/v2\/users\/215"}],"replies":[{"embeddable":true,"href":"https:\/\/www.altercampagne.net\/index.php?rest_route=%2Fwp%2Fv2%2Fcomments&post=148"}],"version-history":[{"count":15,"href":"https:\/\/www.altercampagne.net\/index.php?rest_route=\/wp\/v2\/pages\/148\/revisions"}],"predecessor-version":[{"id":29033,"href":"https:\/\/www.altercampagne.net\/index.php?rest_route=\/wp\/v2\/pages\/148\/revisions\/29033"}],"up":[{"embeddable":true,"href":"https:\/\/www.altercampagne.net\/index.php?rest_route=\/wp\/v2\/pages\/34"}],"wp:attachment":[{"href":"https:\/\/www.altercampagne.net\/index.php?rest_route=%2Fwp%2Fv2%2Fmedia&parent=148"}],"curies":[{"name":"wp","href":"https:\/\/api.w.org\/{rel}","templated":true}]}}