{"id":15913,"date":"2019-09-18T12:14:10","date_gmt":"2019-09-18T10:14:10","guid":{"rendered":"http:\/\/www.altercampagne.net\/?page_id=15913"},"modified":"2021-01-12T15:22:19","modified_gmt":"2021-01-12T14:22:19","slug":"photos-2019","status":"publish","type":"page","link":"https:\/\/www.altercampagne.net\/?page_id=15913","title":{"rendered":"Photos 2019"},"content":{"rendered":"\n<p> Les photos nous ont \u00e9t\u00e9 envoy\u00e9es par les Altercyclistes au fil de l&rsquo;AlterTour.&nbsp;Si vous souhaitez contribuer au partage de vos photos, vous pouvez les envoyer via le service&nbsp;<a rel=\"noreferrer noopener\" aria-label=\" (s\u2019ouvre dans un nouvel onglet)\" href=\"https:\/\/framadrop.org\/\" target=\"_blank\">https:\/\/framadrop.org\/<\/a>ou <a rel=\"noreferrer noopener\" aria-label=\"https:\/\/fromsmash.com\/ (s\u2019ouvre dans un nouvel onglet)\" href=\"https:\/\/fromsmash.com\/\" target=\"_blank\">https:\/\/fromsmash.com\/<\/a> ou <a rel=\"noreferrer noopener\" aria-label=\" (s\u2019ouvre dans un nouvel onglet)\" href=\"https:\/\/www.wetransfer.com\/\" target=\"_blank\">https:\/\/www.wetransfer.com\/<\/a>&nbsp;\u00e0 l&rsquo;adresse :&nbsp;coordination@altertour.net <\/p>\n\n\n\n<h5 class=\"wp-block-heading\">\u00c9dition 2019<\/h5>\n\n\n\n<p><a rel=\"noreferrer noopener\" aria-label=\"Du 12 au 19 juillet - De Daumeray \u00e0 Couff\u00e9 (s\u2019ouvre dans un nouvel onglet)\" href=\"https:\/\/zzz.zaclys.com\/?c=116&amp;j=89ab3f0fafbb32f135c0fb5074f7949c\" target=\"_blank\"><strong>Du 12 au 19 juillet &#8211; De Daumeray \u00e0 Couff\u00e9<\/strong><\/a> &#8211; <strong>\u00a9 <\/strong>Guillaume Gallois<\/p>\n\n\n\n<p><a rel=\"noreferrer noopener\" aria-label=\"Du 18 au 24 juillet - De Nantes \u00e0 Saint Hilaire (s\u2019ouvre dans un nouvel onglet)\" href=\"https:\/\/zzz.zaclys.com\/?c=116&amp;j=77f9ba2b8356be05109e989e59efdd7b\" target=\"_blank\"><strong>Du 18 au 24 juillet &#8211; De Nantes \u00e0 Saint Hilaire<\/strong><\/a> &#8211; \u00a9 Cl\u00e9a Mosa\u00efque,\u00a0<a rel=\"noreferrer noopener\" href=\"http:\/\/www.cleamosaique.com\/\" target=\"_blank\">www.cleamosaique.com<\/a><\/p>\n\n\n\n<p><a rel=\"noreferrer noopener\" aria-label=\"Du 27 juillet au 2 ao\u00fbt - De La Rochelle \u00e0 Saint Estephe (s\u2019ouvre dans un nouvel onglet)\" href=\"https:\/\/my.pcloud.com\/publink\/show?code=kZNQE4kZPHi3e3zqHYVN6H4CD0o3O0TsbOwX\" target=\"_blank\"><strong>Du 27 juillet au 2 ao\u00fbt &#8211; De La Rochelle \u00e0 Saint Estephe<\/strong><\/a> &#8211; Anne<\/p>\n\n\n\n<p><a rel=\"noreferrer noopener\" aria-label=\"Du 27 juillet au 9 ao\u00fbt - De Dompierre sur Mer au Buisson de Cadouin (s\u2019ouvre dans un nouvel onglet)\" href=\"https:\/\/zzz.zaclys.com\/?c=116&amp;j=fb4bbae47a85c6036296acea70ddb181\" target=\"_blank\"><strong>Du 27 juillet au 9 ao\u00fbt &#8211; De Dompierre sur Mer au Buisson de Cadouin<\/strong><\/a> &#8211;  \u00a9 Joana Bouquet, <a rel=\"noreferrer noopener\" aria-label=\"galeries.lacouleurdurendezvous.fr (s\u2019ouvre dans un nouvel onglet)\" href=\"https:\/\/galeries.lacouleurdurendezvous.fr\/\" target=\"_blank\">galeries.lacouleurdurendezvous.fr<\/a><\/p>\n\n\n\n<p><a rel=\"noreferrer noopener\" aria-label=\"Du 04 au 08 ao\u00fbt - De St Pierre de Frugie \u00e0 Bergerac (s\u2019ouvre dans un nouvel onglet)\" href=\"https:\/\/zzz.zaclys.com\/?c=116&amp;j=2441df83f0c11ab412411ab63710e727\" target=\"_blank\"><strong>Du 04 au 08 ao\u00fbt &#8211; De St Pierre de Frugie \u00e0 Bergerac<\/strong><\/a> \u2013 Virginie<\/p>\n\n\n\n<p><a rel=\"noreferrer noopener\" aria-label=\"Du 10 au 17 ao\u00fbt - Du Buisson de Cadouin \u00e0 Bourret (s\u2019ouvre dans un nouvel onglet)\" href=\"https:\/\/zzz.zaclys.com\/?c=116&amp;j=4dbd1cab93bd88966e7c9385197f4cfb\" target=\"_blank\"><strong>Du 10 au 17 ao\u00fbt &#8211; Du Buisson de Cadouin \u00e0 Bourret<\/strong><\/a> &#8211; Samy Archim\u00e8de<\/p>\n\n\n\n<p><a rel=\"noreferrer noopener\" aria-label=\"Du 12 au 25 ao\u00fbt - De Salvezou \u00e0 Pau (s\u2019ouvre dans un nouvel onglet)\" href=\"https:\/\/zzz.zaclys.com\/?c=116&amp;j=f2cc60c27f6edf6847f4b13a7be50e80\" target=\"_blank\"><strong>Du 12 au 25 ao\u00fbt &#8211; De Salvezou \u00e0 Pau<\/strong><\/a> &#8211; C\u00e9line M<\/p>\n\n\n\n<p><a rel=\"noreferrer noopener\" aria-label=\"Du 13 au 21 ao\u00fbt - De Brengues \u00e0 Montesquiou (s\u2019ouvre dans un nouvel onglet)\" href=\"https:\/\/zzz.zaclys.com\/?c=116&amp;j=ee96a8b3ad3bfbd926161af5de1e2bc9\" target=\"_blank\"><strong>Du 13 au 21 ao\u00fbt &#8211; De Brengues \u00e0 Montesquiou<\/strong><\/a> &#8211; Ren\u00e9<\/p>\n\n\n\n<p><a rel=\"noreferrer noopener\" aria-label=\"Du 17 au 21 ao\u00fbt - De Septfonds \u00e0 Montesquiou (s\u2019ouvre dans un nouvel onglet)\" href=\"https:\/\/zzz.zaclys.com\/?c=116&amp;j=a50135b085954988f35ccac66279f9db\" target=\"_blank\"><strong>Du 17 au 21 ao\u00fbt &#8211; De Septfonds \u00e0 Montesquiou<\/strong><\/a> &#8211; \u00c9tienne<\/p>\n\n\n\n<p><a rel=\"noreferrer noopener\" aria-label=\"Du 18 au 24 ao\u00fbt - De Bourret \u00e0 Pau (s\u2019ouvre dans un nouvel onglet)\" href=\"https:\/\/zzz.zaclys.com\/?c=116&amp;j=7c4f2901a0fe7fdad07a8bc1a6196f01\" target=\"_blank\"><strong>Du 18 au 24 ao\u00fbt &#8211; De Bourret \u00e0 Pau<\/strong><\/a> &#8211; <strong>\u00a9 <\/strong>Lucia\u00a0Palenzuela,\u00a0<a rel=\"noreferrer noopener\" href=\"https:\/\/luciapalenzuela.com\/\" target=\"_blank\">https:\/\/luciapalenzuela.com\/<\/a><\/p>\n\n\n\n<p><a rel=\"noreferrer noopener\" aria-label=\"Du 20 au 21 ao\u00fbt- De Montegut \u00e0 Montesquiou (s\u2019ouvre dans un nouvel onglet)\" href=\"https:\/\/zzz.zaclys.com\/?c=116&amp;j=45a5fbb98bb159e16a22ab3ba198e1fc\" target=\"_blank\"><strong>Du 20 au 21 ao\u00fbt- De Montegut \u00e0 Montesquiou<\/strong><\/a> &#8211; <strong>\u00a9 <\/strong>Capitaine R\u00e9mi \u00a0<a rel=\"noreferrer noopener\" href=\"https:\/\/capitaineremi.com\/\" target=\"_blank\">https:\/\/capitaineremi.com\/<\/a><\/p>\n","protected":false},"excerpt":{"rendered":"<p>Les photos nous ont \u00e9t\u00e9 envoy\u00e9es par les Altercyclistes au fil de l&rsquo;AlterTour.&nbsp;Si vous souhaitez contribuer au partage de vos photos, vous pouvez les envoyer via le service&nbsp;https:\/\/framadrop.org\/ou https:\/\/fromsmash.com\/ ou https:\/\/www.wetransfer.com\/&nbsp;\u00e0 l&rsquo;adresse :&nbsp;coordination@altertour.net \u00c9dition 2019 Du 12 au 19 juillet &#8211; De Daumeray \u00e0 Couff\u00e9 &#8211; \u00a9 Guillaume Gallois Du &#8230; <\/p>\n<div><a href=\"https:\/\/www.altercampagne.net\/?page_id=15913\" class=\"more-link\">Read More<\/a><\/div>\n","protected":false},"author":214,"featured_media":0,"parent":0,"menu_order":0,"comment_status":"closed","ping_status":"closed","template":"","meta":{"footnotes":""},"class_list":["post-15913","page","type-page","status-publish","hentry","no-post-thumbnail"],"yoast_head":"<!-- This site is optimized with the Yoast SEO plugin v27.3 - https:\/\/yoast.com\/product\/yoast-seo-wordpress\/ -->\n<title>Photos 2019 - AlterTour<\/title>\n<meta name=\"robots\" content=\"index, follow, max-snippet:-1, max-image-preview:large, max-video-preview:-1\" \/>\n<link rel=\"canonical\" href=\"https:\/\/www.altercampagne.net\/?page_id=15913\" \/>\n<meta property=\"og:locale\" content=\"fr_FR\" \/>\n<meta property=\"og:type\" content=\"article\" \/>\n<meta property=\"og:title\" content=\"Photos 2019 - AlterTour\" \/>\n<meta property=\"og:description\" content=\"Les photos nous ont \u00e9t\u00e9 envoy\u00e9es par les Altercyclistes au fil de l&rsquo;AlterTour.&nbsp;Si vous souhaitez contribuer au partage de vos photos, vous pouvez les envoyer via le service&nbsp;https:\/\/framadrop.org\/ou https:\/\/fromsmash.com\/ ou https:\/\/www.wetransfer.com\/&nbsp;\u00e0 l&rsquo;adresse :&nbsp;coordination@altertour.net \u00c9dition 2019 Du 12 au 19 juillet &#8211; De Daumeray \u00e0 Couff\u00e9 &#8211; \u00a9 Guillaume Gallois Du ... Read More\" \/>\n<meta property=\"og:url\" content=\"https:\/\/www.altercampagne.net\/?page_id=15913\" \/>\n<meta property=\"og:site_name\" content=\"AlterTour\" \/>\n<meta property=\"article:modified_time\" content=\"2021-01-12T14:22:19+00:00\" \/>\n<meta name=\"twitter:card\" content=\"summary_large_image\" \/>\n<meta name=\"twitter:label1\" content=\"Dur\u00e9e de lecture estim\u00e9e\" \/>\n\t<meta name=\"twitter:data1\" content=\"1 minute\" \/>\n<script type=\"application\/ld+json\" class=\"yoast-schema-graph\">{\"@context\":\"https:\\\/\\\/schema.org\",\"@graph\":[{\"@type\":\"WebPage\",\"@id\":\"https:\\\/\\\/www.altercampagne.net\\\/?page_id=15913\",\"url\":\"https:\\\/\\\/www.altercampagne.net\\\/?page_id=15913\",\"name\":\"Photos 2019 - AlterTour\",\"isPartOf\":{\"@id\":\"https:\\\/\\\/www.altercampagne.net\\\/#website\"},\"datePublished\":\"2019-09-18T10:14:10+00:00\",\"dateModified\":\"2021-01-12T14:22:19+00:00\",\"breadcrumb\":{\"@id\":\"https:\\\/\\\/www.altercampagne.net\\\/?page_id=15913#breadcrumb\"},\"inLanguage\":\"fr-FR\",\"potentialAction\":[{\"@type\":\"ReadAction\",\"target\":[\"https:\\\/\\\/www.altercampagne.net\\\/?page_id=15913\"]}]},{\"@type\":\"BreadcrumbList\",\"@id\":\"https:\\\/\\\/www.altercampagne.net\\\/?page_id=15913#breadcrumb\",\"itemListElement\":[{\"@type\":\"ListItem\",\"position\":1,\"name\":\"Accueil\",\"item\":\"https:\\\/\\\/www.altercampagne.net\\\/\"},{\"@type\":\"ListItem\",\"position\":2,\"name\":\"Photos 2019\"}]},{\"@type\":\"WebSite\",\"@id\":\"https:\\\/\\\/www.altercampagne.net\\\/#website\",\"url\":\"https:\\\/\\\/www.altercampagne.net\\\/\",\"name\":\"AlterTour\",\"description\":\"Reliez les Alternatives \u00e0 v\u00e9lo\",\"potentialAction\":[{\"@type\":\"SearchAction\",\"target\":{\"@type\":\"EntryPoint\",\"urlTemplate\":\"https:\\\/\\\/www.altercampagne.net\\\/?s={search_term_string}\"},\"query-input\":{\"@type\":\"PropertyValueSpecification\",\"valueRequired\":true,\"valueName\":\"search_term_string\"}}],\"inLanguage\":\"fr-FR\"}]}<\/script>\n<!-- \/ Yoast SEO plugin. -->","yoast_head_json":{"title":"Photos 2019 - AlterTour","robots":{"index":"index","follow":"follow","max-snippet":"max-snippet:-1","max-image-preview":"max-image-preview:large","max-video-preview":"max-video-preview:-1"},"canonical":"https:\/\/www.altercampagne.net\/?page_id=15913","og_locale":"fr_FR","og_type":"article","og_title":"Photos 2019 - AlterTour","og_description":"Les photos nous ont \u00e9t\u00e9 envoy\u00e9es par les Altercyclistes au fil de l&rsquo;AlterTour.&nbsp;Si vous souhaitez contribuer au partage de vos photos, vous pouvez les envoyer via le service&nbsp;https:\/\/framadrop.org\/ou https:\/\/fromsmash.com\/ ou https:\/\/www.wetransfer.com\/&nbsp;\u00e0 l&rsquo;adresse :&nbsp;coordination@altertour.net \u00c9dition 2019 Du 12 au 19 juillet &#8211; De Daumeray \u00e0 Couff\u00e9 &#8211; \u00a9 Guillaume Gallois Du ... Read More","og_url":"https:\/\/www.altercampagne.net\/?page_id=15913","og_site_name":"AlterTour","article_modified_time":"2021-01-12T14:22:19+00:00","twitter_card":"summary_large_image","twitter_misc":{"Dur\u00e9e de lecture estim\u00e9e":"1 minute"},"schema":{"@context":"https:\/\/schema.org","@graph":[{"@type":"WebPage","@id":"https:\/\/www.altercampagne.net\/?page_id=15913","url":"https:\/\/www.altercampagne.net\/?page_id=15913","name":"Photos 2019 - AlterTour","isPartOf":{"@id":"https:\/\/www.altercampagne.net\/#website"},"datePublished":"2019-09-18T10:14:10+00:00","dateModified":"2021-01-12T14:22:19+00:00","breadcrumb":{"@id":"https:\/\/www.altercampagne.net\/?page_id=15913#breadcrumb"},"inLanguage":"fr-FR","potentialAction":[{"@type":"ReadAction","target":["https:\/\/www.altercampagne.net\/?page_id=15913"]}]},{"@type":"BreadcrumbList","@id":"https:\/\/www.altercampagne.net\/?page_id=15913#breadcrumb","itemListElement":[{"@type":"ListItem","position":1,"name":"Accueil","item":"https:\/\/www.altercampagne.net\/"},{"@type":"ListItem","position":2,"name":"Photos 2019"}]},{"@type":"WebSite","@id":"https:\/\/www.altercampagne.net\/#website","url":"https:\/\/www.altercampagne.net\/","name":"AlterTour","description":"Reliez les Alternatives \u00e0 v\u00e9lo","potentialAction":[{"@type":"SearchAction","target":{"@type":"EntryPoint","urlTemplate":"https:\/\/www.altercampagne.net\/?s={search_term_string}"},"query-input":{"@type":"PropertyValueSpecification","valueRequired":true,"valueName":"search_term_string"}}],"inLanguage":"fr-FR"}]}},"_links":{"self":[{"href":"https:\/\/www.altercampagne.net\/index.php?rest_route=\/wp\/v2\/pages\/15913","targetHints":{"allow":["GET"]}}],"collection":[{"href":"https:\/\/www.altercampagne.net\/index.php?rest_route=\/wp\/v2\/pages"}],"about":[{"href":"https:\/\/www.altercampagne.net\/index.php?rest_route=\/wp\/v2\/types\/page"}],"author":[{"embeddable":true,"href":"https:\/\/www.altercampagne.net\/index.php?rest_route=\/wp\/v2\/users\/214"}],"replies":[{"embeddable":true,"href":"https:\/\/www.altercampagne.net\/index.php?rest_route=%2Fwp%2Fv2%2Fcomments&post=15913"}],"version-history":[{"count":9,"href":"https:\/\/www.altercampagne.net\/index.php?rest_route=\/wp\/v2\/pages\/15913\/revisions"}],"predecessor-version":[{"id":20346,"href":"https:\/\/www.altercampagne.net\/index.php?rest_route=\/wp\/v2\/pages\/15913\/revisions\/20346"}],"wp:attachment":[{"href":"https:\/\/www.altercampagne.net\/index.php?rest_route=%2Fwp%2Fv2%2Fmedia&parent=15913"}],"curies":[{"name":"wp","href":"https:\/\/api.w.org\/{rel}","templated":true}]}}