{"id":18511,"date":"2020-06-02T20:32:42","date_gmt":"2020-06-02T18:32:42","guid":{"rendered":"http:\/\/www.altercampagne.net\/?page_id=18511"},"modified":"2020-06-02T23:45:29","modified_gmt":"2020-06-02T21:45:29","slug":"parcours-echappee-belle-2020","status":"publish","type":"page","link":"https:\/\/www.altercampagne.net\/?page_id=18511","title":{"rendered":"Parcours \u00c9chapp\u00e9e Belle 2020"},"content":{"rendered":"\n<h2 class=\"wp-block-heading\">Parcours \u00c9chapp\u00e9e Belle 2020<\/h2>\n\n\n\n<p>Une \u00c9chapp\u00e9e Belle est un parcours parall\u00e8le \u00e0 l\u2019AlterTour, en plus petit groupe (maximum 25), mais au fonctionnement et \u00e0 la philosophie similaires \u00e0 l\u2019AlterTour. Seule diff\u00e9rence : les participant\u00b7e\u00b7s portent leur bagages sur leurs v\u00e9los car il n\u2019y a pas de v\u00e9hicules d\u2019accompagnement.<\/p>\n\n\n\n<p>Cet \u00e9t\u00e9, l\u2019\u00c9chapp\u00e9e Belle roulera de Cublize (69) \u00e0 Saint Pierre Le Vieux (71), du 24 au 30 juillet 2020, voici le programme pr\u00e9visionnel  des rencontres :<\/p>\n\n\n\n<ul class=\"wp-block-list\"><li>Vendredi 24 juillet : <a href=\"http:\/\/www.altercampagne.net\/?page_id=18166&amp;route=382\">Cublize (0 km) Magny\u00e9thique<\/a><\/li><li>Samedi 25 juillet : <a href=\"http:\/\/www.altercampagne.net\/?page_id=18166&amp;route=383\">Cublize \u2013 St Julien de Jonzy (53 km) La Ferme de l\u2019Enfer<\/a><\/li><li>Dimanche 26 juillet : <a href=\"http:\/\/www.altercampagne.net\/?page_id=18166&amp;route=384\">Saint Julien de Jonzy (0 km) La Ferme de l\u2019Enfer<\/a><\/li><li>Lundi 27 juillet : <a href=\"http:\/\/www.altercampagne.net\/?page_id=18166&amp;route=385\">St Julien de Jonzy \u2013 Verosvres (50 km) La Ferme des Grands Noyers<\/a><\/li><li>Mardi 28 juillet : <a href=\"http:\/\/www.altercampagne.net\/?page_id=18166&amp;route=386\">Verosvres \u2013 Bergesserin (31 km) Darbrazed<\/a><\/li><li>Mercredi 29 juillet : <a href=\"http:\/\/www.altercampagne.net\/?page_id=18166&amp;route=387\">Saint Pierre Le Vieux (0 km) Habitat Partag\u00e9 Terre de Verger<\/a><\/li><li>Jeudi 30 juillet : <a href=\"http:\/\/www.altercampagne.net\/?page_id=18166&amp;route=388\">Saint Pierre Le Vieux \u2013 Chasselas (25 km) Domaine viticole Philippe Jambon<\/a><\/li><\/ul>\n\n\n\n<p>Pour plus de d\u00e9tails, rendez vous sur le programme de l\u2019<a href=\"http:\/\/www.altercampagne.net\/?page_id=18413\"><strong>\u00c9chapp\u00e9e Belle<\/strong><\/a><\/p>\n\n\n\n<div class=\"wp-block-image\"><figure class=\"aligncenter size-full\"><img loading=\"lazy\" decoding=\"async\" width=\"695\" height=\"364\" src=\"http:\/\/www.altercampagne.net\/wp-content\/uploads\/2018\/06\/2016-08-06_17.40_EchappeeBelle-copie.jpg\" alt=\"\" class=\"wp-image-10840\" srcset=\"https:\/\/www.altercampagne.net\/wp-content\/uploads\/2018\/06\/2016-08-06_17.40_EchappeeBelle-copie.jpg 695w, https:\/\/www.altercampagne.net\/wp-content\/uploads\/2018\/06\/2016-08-06_17.40_EchappeeBelle-copie-300x157.jpg 300w, https:\/\/www.altercampagne.net\/wp-content\/uploads\/2018\/06\/2016-08-06_17.40_EchappeeBelle-copie-610x319.jpg 610w, https:\/\/www.altercampagne.net\/wp-content\/uploads\/2018\/06\/2016-08-06_17.40_EchappeeBelle-copie-100x52.jpg 100w\" sizes=\"auto, (max-width: 695px) 100vw, 695px\" \/><\/figure><\/div>\n","protected":false},"excerpt":{"rendered":"<p>Parcours \u00c9chapp\u00e9e Belle 2020 Une \u00c9chapp\u00e9e Belle est un parcours parall\u00e8le \u00e0 l\u2019AlterTour, en plus petit groupe (maximum 25), mais au fonctionnement et \u00e0 la philosophie similaires \u00e0 l\u2019AlterTour. Seule diff\u00e9rence : les participant\u00b7e\u00b7s portent leur bagages sur leurs v\u00e9los car il n\u2019y a pas de v\u00e9hicules d\u2019accompagnement. Cet \u00e9t\u00e9, &#8230; <\/p>\n<div><a href=\"https:\/\/www.altercampagne.net\/?page_id=18511\" class=\"more-link\">Read More<\/a><\/div>\n","protected":false},"author":214,"featured_media":0,"parent":0,"menu_order":0,"comment_status":"closed","ping_status":"closed","template":"template-blank-1.php","meta":{"footnotes":""},"class_list":["post-18511","page","type-page","status-publish","hentry","no-post-thumbnail"],"yoast_head":"<!-- This site is optimized with the Yoast SEO plugin v27.3 - https:\/\/yoast.com\/product\/yoast-seo-wordpress\/ -->\n<title>Parcours \u00c9chapp\u00e9e Belle 2020 - AlterTour<\/title>\n<meta name=\"robots\" content=\"index, follow, max-snippet:-1, max-image-preview:large, max-video-preview:-1\" \/>\n<link rel=\"canonical\" href=\"https:\/\/www.altercampagne.net\/?page_id=18511\" \/>\n<meta property=\"og:locale\" content=\"fr_FR\" \/>\n<meta property=\"og:type\" content=\"article\" \/>\n<meta property=\"og:title\" content=\"Parcours \u00c9chapp\u00e9e Belle 2020 - AlterTour\" \/>\n<meta property=\"og:description\" content=\"Parcours \u00c9chapp\u00e9e Belle 2020 Une \u00c9chapp\u00e9e Belle est un parcours parall\u00e8le \u00e0 l\u2019AlterTour, en plus petit groupe (maximum 25), mais au fonctionnement et \u00e0 la philosophie similaires \u00e0 l\u2019AlterTour. Seule diff\u00e9rence : les participant\u00b7e\u00b7s portent leur bagages sur leurs v\u00e9los car il n\u2019y a pas de v\u00e9hicules d\u2019accompagnement. Cet \u00e9t\u00e9, ... Read More\" \/>\n<meta property=\"og:url\" content=\"https:\/\/www.altercampagne.net\/?page_id=18511\" \/>\n<meta property=\"og:site_name\" content=\"AlterTour\" \/>\n<meta property=\"article:modified_time\" content=\"2020-06-02T21:45:29+00:00\" \/>\n<meta property=\"og:image\" content=\"http:\/\/www.altercampagne.net\/wp-content\/uploads\/2018\/06\/2016-08-06_17.40_EchappeeBelle-copie.jpg\" \/>\n<meta name=\"twitter:card\" content=\"summary_large_image\" \/>\n<meta name=\"twitter:label1\" content=\"Dur\u00e9e de lecture estim\u00e9e\" \/>\n\t<meta name=\"twitter:data1\" content=\"1 minute\" \/>\n<script type=\"application\/ld+json\" class=\"yoast-schema-graph\">{\"@context\":\"https:\\\/\\\/schema.org\",\"@graph\":[{\"@type\":\"WebPage\",\"@id\":\"https:\\\/\\\/www.altercampagne.net\\\/?page_id=18511\",\"url\":\"https:\\\/\\\/www.altercampagne.net\\\/?page_id=18511\",\"name\":\"Parcours \u00c9chapp\u00e9e Belle 2020 - AlterTour\",\"isPartOf\":{\"@id\":\"https:\\\/\\\/www.altercampagne.net\\\/#website\"},\"primaryImageOfPage\":{\"@id\":\"https:\\\/\\\/www.altercampagne.net\\\/?page_id=18511#primaryimage\"},\"image\":{\"@id\":\"https:\\\/\\\/www.altercampagne.net\\\/?page_id=18511#primaryimage\"},\"thumbnailUrl\":\"http:\\\/\\\/www.altercampagne.net\\\/wp-content\\\/uploads\\\/2018\\\/06\\\/2016-08-06_17.40_EchappeeBelle-copie.jpg\",\"datePublished\":\"2020-06-02T18:32:42+00:00\",\"dateModified\":\"2020-06-02T21:45:29+00:00\",\"breadcrumb\":{\"@id\":\"https:\\\/\\\/www.altercampagne.net\\\/?page_id=18511#breadcrumb\"},\"inLanguage\":\"fr-FR\",\"potentialAction\":[{\"@type\":\"ReadAction\",\"target\":[\"https:\\\/\\\/www.altercampagne.net\\\/?page_id=18511\"]}]},{\"@type\":\"ImageObject\",\"inLanguage\":\"fr-FR\",\"@id\":\"https:\\\/\\\/www.altercampagne.net\\\/?page_id=18511#primaryimage\",\"url\":\"https:\\\/\\\/www.altercampagne.net\\\/wp-content\\\/uploads\\\/2018\\\/06\\\/2016-08-06_17.40_EchappeeBelle-copie.jpg\",\"contentUrl\":\"https:\\\/\\\/www.altercampagne.net\\\/wp-content\\\/uploads\\\/2018\\\/06\\\/2016-08-06_17.40_EchappeeBelle-copie.jpg\",\"width\":695,\"height\":364},{\"@type\":\"BreadcrumbList\",\"@id\":\"https:\\\/\\\/www.altercampagne.net\\\/?page_id=18511#breadcrumb\",\"itemListElement\":[{\"@type\":\"ListItem\",\"position\":1,\"name\":\"Accueil\",\"item\":\"https:\\\/\\\/www.altercampagne.net\\\/\"},{\"@type\":\"ListItem\",\"position\":2,\"name\":\"Parcours \u00c9chapp\u00e9e Belle 2020\"}]},{\"@type\":\"WebSite\",\"@id\":\"https:\\\/\\\/www.altercampagne.net\\\/#website\",\"url\":\"https:\\\/\\\/www.altercampagne.net\\\/\",\"name\":\"AlterTour\",\"description\":\"Reliez les Alternatives \u00e0 v\u00e9lo\",\"potentialAction\":[{\"@type\":\"SearchAction\",\"target\":{\"@type\":\"EntryPoint\",\"urlTemplate\":\"https:\\\/\\\/www.altercampagne.net\\\/?s={search_term_string}\"},\"query-input\":{\"@type\":\"PropertyValueSpecification\",\"valueRequired\":true,\"valueName\":\"search_term_string\"}}],\"inLanguage\":\"fr-FR\"}]}<\/script>\n<!-- \/ Yoast SEO plugin. -->","yoast_head_json":{"title":"Parcours \u00c9chapp\u00e9e Belle 2020 - AlterTour","robots":{"index":"index","follow":"follow","max-snippet":"max-snippet:-1","max-image-preview":"max-image-preview:large","max-video-preview":"max-video-preview:-1"},"canonical":"https:\/\/www.altercampagne.net\/?page_id=18511","og_locale":"fr_FR","og_type":"article","og_title":"Parcours \u00c9chapp\u00e9e Belle 2020 - AlterTour","og_description":"Parcours \u00c9chapp\u00e9e Belle 2020 Une \u00c9chapp\u00e9e Belle est un parcours parall\u00e8le \u00e0 l\u2019AlterTour, en plus petit groupe (maximum 25), mais au fonctionnement et \u00e0 la philosophie similaires \u00e0 l\u2019AlterTour. Seule diff\u00e9rence : les participant\u00b7e\u00b7s portent leur bagages sur leurs v\u00e9los car il n\u2019y a pas de v\u00e9hicules d\u2019accompagnement. Cet \u00e9t\u00e9, ... Read More","og_url":"https:\/\/www.altercampagne.net\/?page_id=18511","og_site_name":"AlterTour","article_modified_time":"2020-06-02T21:45:29+00:00","og_image":[{"url":"http:\/\/www.altercampagne.net\/wp-content\/uploads\/2018\/06\/2016-08-06_17.40_EchappeeBelle-copie.jpg","type":"","width":"","height":""}],"twitter_card":"summary_large_image","twitter_misc":{"Dur\u00e9e de lecture estim\u00e9e":"1 minute"},"schema":{"@context":"https:\/\/schema.org","@graph":[{"@type":"WebPage","@id":"https:\/\/www.altercampagne.net\/?page_id=18511","url":"https:\/\/www.altercampagne.net\/?page_id=18511","name":"Parcours \u00c9chapp\u00e9e Belle 2020 - AlterTour","isPartOf":{"@id":"https:\/\/www.altercampagne.net\/#website"},"primaryImageOfPage":{"@id":"https:\/\/www.altercampagne.net\/?page_id=18511#primaryimage"},"image":{"@id":"https:\/\/www.altercampagne.net\/?page_id=18511#primaryimage"},"thumbnailUrl":"http:\/\/www.altercampagne.net\/wp-content\/uploads\/2018\/06\/2016-08-06_17.40_EchappeeBelle-copie.jpg","datePublished":"2020-06-02T18:32:42+00:00","dateModified":"2020-06-02T21:45:29+00:00","breadcrumb":{"@id":"https:\/\/www.altercampagne.net\/?page_id=18511#breadcrumb"},"inLanguage":"fr-FR","potentialAction":[{"@type":"ReadAction","target":["https:\/\/www.altercampagne.net\/?page_id=18511"]}]},{"@type":"ImageObject","inLanguage":"fr-FR","@id":"https:\/\/www.altercampagne.net\/?page_id=18511#primaryimage","url":"https:\/\/www.altercampagne.net\/wp-content\/uploads\/2018\/06\/2016-08-06_17.40_EchappeeBelle-copie.jpg","contentUrl":"https:\/\/www.altercampagne.net\/wp-content\/uploads\/2018\/06\/2016-08-06_17.40_EchappeeBelle-copie.jpg","width":695,"height":364},{"@type":"BreadcrumbList","@id":"https:\/\/www.altercampagne.net\/?page_id=18511#breadcrumb","itemListElement":[{"@type":"ListItem","position":1,"name":"Accueil","item":"https:\/\/www.altercampagne.net\/"},{"@type":"ListItem","position":2,"name":"Parcours \u00c9chapp\u00e9e Belle 2020"}]},{"@type":"WebSite","@id":"https:\/\/www.altercampagne.net\/#website","url":"https:\/\/www.altercampagne.net\/","name":"AlterTour","description":"Reliez les Alternatives \u00e0 v\u00e9lo","potentialAction":[{"@type":"SearchAction","target":{"@type":"EntryPoint","urlTemplate":"https:\/\/www.altercampagne.net\/?s={search_term_string}"},"query-input":{"@type":"PropertyValueSpecification","valueRequired":true,"valueName":"search_term_string"}}],"inLanguage":"fr-FR"}]}},"_links":{"self":[{"href":"https:\/\/www.altercampagne.net\/index.php?rest_route=\/wp\/v2\/pages\/18511","targetHints":{"allow":["GET"]}}],"collection":[{"href":"https:\/\/www.altercampagne.net\/index.php?rest_route=\/wp\/v2\/pages"}],"about":[{"href":"https:\/\/www.altercampagne.net\/index.php?rest_route=\/wp\/v2\/types\/page"}],"author":[{"embeddable":true,"href":"https:\/\/www.altercampagne.net\/index.php?rest_route=\/wp\/v2\/users\/214"}],"replies":[{"embeddable":true,"href":"https:\/\/www.altercampagne.net\/index.php?rest_route=%2Fwp%2Fv2%2Fcomments&post=18511"}],"version-history":[{"count":3,"href":"https:\/\/www.altercampagne.net\/index.php?rest_route=\/wp\/v2\/pages\/18511\/revisions"}],"predecessor-version":[{"id":18527,"href":"https:\/\/www.altercampagne.net\/index.php?rest_route=\/wp\/v2\/pages\/18511\/revisions\/18527"}],"wp:attachment":[{"href":"https:\/\/www.altercampagne.net\/index.php?rest_route=%2Fwp%2Fv2%2Fmedia&parent=18511"}],"curies":[{"name":"wp","href":"https:\/\/api.w.org\/{rel}","templated":true}]}}