{"id":21445,"date":"2021-04-21T16:34:57","date_gmt":"2021-04-21T14:34:57","guid":{"rendered":"https:\/\/www.altercampagne.net\/?page_id=21445"},"modified":"2022-04-12T10:47:12","modified_gmt":"2022-04-12T08:47:12","slug":"rejoindre-laltertour-bieretour-avec-son-velo","status":"publish","type":"page","link":"https:\/\/www.altercampagne.net\/?page_id=21445","title":{"rendered":"Rejoindre l&rsquo;AlterTour\/Bi\u00e8reTour avec son v\u00e9lo"},"content":{"rendered":"\n<p>Rejoindre l&rsquo;AlterTour\/Alter-D-Tour\/Bi\u00e8reTour avec son v\u00e9lo, n&rsquo;est pas toujours facile, nous souhaitons ici partager nos trucs et astuces et notre exp\u00e9rience pour que nos gal\u00e8re pass\u00e9es puisse t&rsquo;\u00e9viter quelques tracas.<\/p>\n\n\n\n<p>Plusieurs m\u00e9thodes :<\/p>\n\n\n\n<ol class=\"wp-block-list\"><li><a href=\"#le_train\">le train<\/a><\/li><li><a href=\"#le_bus\">le bus<\/a><\/li><li><a href=\"#le_velo\">le v\u00e9lo<\/a><\/li><\/ol>\n\n\n\n<hr class=\"wp-block-separator\"\/>\n\n\n\n<h2 class=\"wp-block-heading\" id=\"le_train\">Le train<\/h2>\n\n\n\n<p>Tout d&rsquo;abord, les v\u00e9los couch\u00e9s, tricycles, tandems et tout type de remorque ne sont pas autoris\u00e9s \u00e0 bord des train SNCF, donc cela ne t&rsquo;int\u00e9resse que si tu as un v\u00e9lo \u00ab\u00a0classique\u00a0\u00bb.<\/p>\n\n\n\n<p>Nous te conseillons vivement de choisir de <strong>ne pas d\u00e9monter<\/strong> ton v\u00e9lo pour voyager en train. C&rsquo;est beaucoup plus compliqu\u00e9 de le d\u00e9monter et le remonter, il ne marche pas forc\u00e9ment aussi bien apr\u00e8s remontage, il faut une housse de transport, il n&rsquo;y a pas de place dans les trains pr\u00e9vus pour cela et \u00e7a emb\u00eate les autres passagers, bref \u00e0 \u00e9viter au maximum. Ici on va plut\u00f4t te parler de transporter ton v\u00e9lo en entier, sans rien d\u00e9monter.<\/p>\n\n\n\n<p>Y a d\u00e9j\u00e0 un tas de gens qui on fait des super explications, on en a regard\u00e9 plein et plut\u00f4t que de r\u00e9inventer la roue, on pr\u00e9f\u00e8re te proposer <strong><a href=\"https:\/\/charlotteabicyclette.com\/index.php\/2020\/05\/21\/comment-trouver-trajet-train-velo\/\" target=\"_blank\" rel=\"noreferrer noopener\">le super tuto de Charlotte \u00e0 Bicyclette<\/a><\/strong>, on aurait pas pu \u00e9crire mieux, il est parfait !<\/p>\n\n\n<p>On peut juste ajouter cette carte du r\u00e9seau qui accepte les v\u00e9lo :<\/p>\n<p><iframe loading=\"lazy\" src=\"https:\/\/www.google.com\/maps\/d\/embed?mid=1sDybsb22LYXcAEr7MNrQnkZJues83FZH\" width=\"640\" height=\"480\"><\/iframe><\/p>\n<p>Un autre site tr\u00e8s bien fait et mis \u00e0 jour : <a href=\"https:\/\/un-monde-a-velo.com\/train-velo\/\">https:\/\/un-monde-a-velo.com\/train-velo\/<\/a> et pour d&rsquo;autres infos r\u00e9centes, un<a href=\"https:\/\/eurovelo3.fr\/int1\/assets\/pdf\/guide-train-velo-avril-2022-9.pdf\"> guide hyper court de Cyclotranseurope<\/a>, version 2022.<\/p>\n<p>Si vraiment tu veux \u00eatre imbattable sur la question et connaitre les sp\u00e9cificit\u00e9s v\u00e9los des TER d\u00e9partement par d\u00e9partement, la FNAUT (<em>F\u00e9d\u00e9ration Nationale d&rsquo;Associations d&rsquo;Usagers des Transports<\/em>) a fait un \u00e9tat des lieux tr\u00e8s complet qui est disponible <a href=\"https:\/\/www.fnaut.fr\/uploads\/2022\/02\/Etude-Ame%CC%81liorer-le-transport-de-ve%CC%81los-dans-les-trains-v2.pdf\">ici<\/a><\/p>\n<p>Si toi aussi tu aimerais bien que ce soit plus facile de voyager en train avec ton v\u00e9lo, signe la p\u00e9tition : <a href=\"https:\/\/www.monvelodansletrain.fr\/\">https:\/\/www.monvelodansletrain.fr\/<\/a><\/p>\n\n\n<hr class=\"wp-block-separator\"\/>\n\n\n\n<h2 class=\"wp-block-heading\" id=\"le_bus\">Le Bus<\/h2>\n\n\n\n<figure class=\"wp-block-image size-large\"><a href=\"https:\/\/www.altercampagne.net\/wp-content\/uploads\/2021\/04\/rsz_to_800x600_20180726_153313.jpg\"><img loading=\"lazy\" decoding=\"async\" width=\"800\" height=\"600\" src=\"https:\/\/www.altercampagne.net\/wp-content\/uploads\/2021\/04\/rsz_to_800x600_20180726_153313.jpg\" alt=\"\" class=\"wp-image-21458\" srcset=\"https:\/\/www.altercampagne.net\/wp-content\/uploads\/2021\/04\/rsz_to_800x600_20180726_153313.jpg 800w, https:\/\/www.altercampagne.net\/wp-content\/uploads\/2021\/04\/rsz_to_800x600_20180726_153313-300x225.jpg 300w, https:\/\/www.altercampagne.net\/wp-content\/uploads\/2021\/04\/rsz_to_800x600_20180726_153313-768x576.jpg 768w, https:\/\/www.altercampagne.net\/wp-content\/uploads\/2021\/04\/rsz_to_800x600_20180726_153313-610x458.jpg 610w, https:\/\/www.altercampagne.net\/wp-content\/uploads\/2021\/04\/rsz_to_800x600_20180726_153313-100x75.jpg 100w\" sizes=\"auto, (max-width: 800px) 100vw, 800px\" \/><\/a><\/figure>\n\n\n\n<p>Certain bus de chez Flixbus acceptent les v\u00e9los, pour les rechercher, il suffit d&rsquo;ajouter un v\u00e9lo en plus du passager :<\/p>\n\n\n\n<figure class=\"wp-block-image size-large\"><a href=\"https:\/\/www.altercampagne.net\/wp-content\/uploads\/2021\/04\/image-1.png\"><img loading=\"lazy\" decoding=\"async\" width=\"1024\" height=\"385\" src=\"https:\/\/www.altercampagne.net\/wp-content\/uploads\/2021\/04\/image-1-1024x385.png\" alt=\"\" class=\"wp-image-21459\" srcset=\"https:\/\/www.altercampagne.net\/wp-content\/uploads\/2021\/04\/image-1-1024x385.png 1024w, https:\/\/www.altercampagne.net\/wp-content\/uploads\/2021\/04\/image-1-300x113.png 300w, https:\/\/www.altercampagne.net\/wp-content\/uploads\/2021\/04\/image-1-768x289.png 768w, https:\/\/www.altercampagne.net\/wp-content\/uploads\/2021\/04\/image-1-610x229.png 610w, https:\/\/www.altercampagne.net\/wp-content\/uploads\/2021\/04\/image-1-100x38.png 100w, https:\/\/www.altercampagne.net\/wp-content\/uploads\/2021\/04\/image-1-862x324.png 862w, https:\/\/www.altercampagne.net\/wp-content\/uploads\/2021\/04\/image-1-1140x429.png 1140w, https:\/\/www.altercampagne.net\/wp-content\/uploads\/2021\/04\/image-1.png 1197w\" sizes=\"auto, (max-width: 1024px) 100vw, 1024px\" \/><\/a><\/figure>\n\n\n\n<p>mais y en a pas tant que \u00e7a non plus.<\/p>\n\n\n\n<hr class=\"wp-block-separator\"\/>\n\n\n\n<h2 class=\"wp-block-heading\" id=\"le_velo\">Le v\u00e9lo<\/h2>\n\n\n\n<p>Aussi b\u00eate que cela puisse para\u00eetre, rejoindre un voyage \u00e0 v\u00e9lo en v\u00e9lo, \u00e7a marche super bien, \u00e7a permet de se pr\u00e9parer tranquillement \u00e0 son rythme avant de rejoindre le groupe. Si on a le temps et l&rsquo;envie, c&rsquo;est le top !<\/p>\n\n\n\n<p>Et si tu as besoin d&rsquo;aide pour pr\u00e9parer tes bagages, <a href=\"https:\/\/www.altercampagne.net\/?page_id=18243\" target=\"_blank\" rel=\"noreferrer noopener\"><strong>cette page<\/strong><\/a> est faite pour toi !<\/p>\n\n\n\n<h2 class=\"wp-block-heading\">Exception belge<\/h2>\n\n\n\n<p>Pour se rendre en Belgique depuis la France ou vice-versa, il y a certaines sp\u00e9cificit\u00e9s pour faire traverser la fronti\u00e8re \u00e0 son v\u00e9lo \u00e0 bord d\u2019un train ou d\u2019un bus ! Les infos sp\u00e9cifiques sont condens\u00e9es dans ce <a href=\"https:\/\/www.altercampagne.net\/wp-content\/uploads\/2022\/04\/TrainsBus-Velo-belgique.pdf\" target=\"_blank\" rel=\"noreferrer noopener\"><strong>document<\/strong><\/a>, merci Dominique &#x1f609;<\/p>\n","protected":false},"excerpt":{"rendered":"<p>Rejoindre l&rsquo;AlterTour\/Alter-D-Tour\/Bi\u00e8reTour avec son v\u00e9lo, n&rsquo;est pas toujours facile, nous souhaitons ici partager nos trucs et astuces et notre exp\u00e9rience pour que nos gal\u00e8re pass\u00e9es puisse t&rsquo;\u00e9viter quelques tracas. Plusieurs m\u00e9thodes : le train le bus le v\u00e9lo Le train Tout d&rsquo;abord, les v\u00e9los couch\u00e9s, tricycles, tandems et tout type &#8230; <\/p>\n<div><a href=\"https:\/\/www.altercampagne.net\/?page_id=21445\" class=\"more-link\">Read More<\/a><\/div>\n","protected":false},"author":231,"featured_media":21449,"parent":0,"menu_order":0,"comment_status":"closed","ping_status":"closed","template":"","meta":{"footnotes":""},"class_list":["post-21445","page","type-page","status-publish","has-post-thumbnail","hentry"],"yoast_head":"<!-- This site is optimized with the Yoast SEO plugin v27.3 - https:\/\/yoast.com\/product\/yoast-seo-wordpress\/ -->\n<title>Rejoindre l&#039;AlterTour\/Bi\u00e8reTour avec son v\u00e9lo - AlterTour<\/title>\n<meta name=\"robots\" content=\"index, follow, max-snippet:-1, max-image-preview:large, max-video-preview:-1\" \/>\n<link rel=\"canonical\" href=\"https:\/\/www.altercampagne.net\/?page_id=21445\" \/>\n<meta property=\"og:locale\" content=\"fr_FR\" \/>\n<meta property=\"og:type\" content=\"article\" \/>\n<meta property=\"og:title\" content=\"Rejoindre l&#039;AlterTour\/Bi\u00e8reTour avec son v\u00e9lo - AlterTour\" \/>\n<meta property=\"og:description\" content=\"Rejoindre l&rsquo;AlterTour\/Alter-D-Tour\/Bi\u00e8reTour avec son v\u00e9lo, n&rsquo;est pas toujours facile, nous souhaitons ici partager nos trucs et astuces et notre exp\u00e9rience pour que nos gal\u00e8re pass\u00e9es puisse t&rsquo;\u00e9viter quelques tracas. Plusieurs m\u00e9thodes : le train le bus le v\u00e9lo Le train Tout d&rsquo;abord, les v\u00e9los couch\u00e9s, tricycles, tandems et tout type ... Read More\" \/>\n<meta property=\"og:url\" content=\"https:\/\/www.altercampagne.net\/?page_id=21445\" \/>\n<meta property=\"og:site_name\" content=\"AlterTour\" \/>\n<meta property=\"article:modified_time\" content=\"2022-04-12T08:47:12+00:00\" \/>\n<meta property=\"og:image\" content=\"https:\/\/www.altercampagne.net\/wp-content\/uploads\/2021\/04\/rsz_to_800x600_20190710_092535-e1619017296330.jpg\" \/>\n\t<meta property=\"og:image:width\" content=\"800\" \/>\n\t<meta property=\"og:image:height\" content=\"370\" \/>\n\t<meta property=\"og:image:type\" content=\"image\/jpeg\" \/>\n<meta name=\"twitter:card\" content=\"summary_large_image\" \/>\n<meta name=\"twitter:label1\" content=\"Dur\u00e9e de lecture estim\u00e9e\" \/>\n\t<meta name=\"twitter:data1\" content=\"3 minutes\" \/>\n<script type=\"application\/ld+json\" class=\"yoast-schema-graph\">{\"@context\":\"https:\\\/\\\/schema.org\",\"@graph\":[{\"@type\":\"WebPage\",\"@id\":\"https:\\\/\\\/www.altercampagne.net\\\/?page_id=21445\",\"url\":\"https:\\\/\\\/www.altercampagne.net\\\/?page_id=21445\",\"name\":\"Rejoindre l'AlterTour\\\/Bi\u00e8reTour avec son v\u00e9lo - AlterTour\",\"isPartOf\":{\"@id\":\"https:\\\/\\\/www.altercampagne.net\\\/#website\"},\"primaryImageOfPage\":{\"@id\":\"https:\\\/\\\/www.altercampagne.net\\\/?page_id=21445#primaryimage\"},\"image\":{\"@id\":\"https:\\\/\\\/www.altercampagne.net\\\/?page_id=21445#primaryimage\"},\"thumbnailUrl\":\"https:\\\/\\\/www.altercampagne.net\\\/wp-content\\\/uploads\\\/2021\\\/04\\\/rsz_to_800x600_20190710_092535-e1619017296330.jpg\",\"datePublished\":\"2021-04-21T14:34:57+00:00\",\"dateModified\":\"2022-04-12T08:47:12+00:00\",\"breadcrumb\":{\"@id\":\"https:\\\/\\\/www.altercampagne.net\\\/?page_id=21445#breadcrumb\"},\"inLanguage\":\"fr-FR\",\"potentialAction\":[{\"@type\":\"ReadAction\",\"target\":[\"https:\\\/\\\/www.altercampagne.net\\\/?page_id=21445\"]}]},{\"@type\":\"ImageObject\",\"inLanguage\":\"fr-FR\",\"@id\":\"https:\\\/\\\/www.altercampagne.net\\\/?page_id=21445#primaryimage\",\"url\":\"https:\\\/\\\/www.altercampagne.net\\\/wp-content\\\/uploads\\\/2021\\\/04\\\/rsz_to_800x600_20190710_092535-e1619017296330.jpg\",\"contentUrl\":\"https:\\\/\\\/www.altercampagne.net\\\/wp-content\\\/uploads\\\/2021\\\/04\\\/rsz_to_800x600_20190710_092535-e1619017296330.jpg\",\"width\":800,\"height\":370,\"caption\":\"v\u00e9lo dans le train\"},{\"@type\":\"BreadcrumbList\",\"@id\":\"https:\\\/\\\/www.altercampagne.net\\\/?page_id=21445#breadcrumb\",\"itemListElement\":[{\"@type\":\"ListItem\",\"position\":1,\"name\":\"Accueil\",\"item\":\"https:\\\/\\\/www.altercampagne.net\\\/\"},{\"@type\":\"ListItem\",\"position\":2,\"name\":\"Rejoindre l&rsquo;AlterTour\\\/Bi\u00e8reTour avec son v\u00e9lo\"}]},{\"@type\":\"WebSite\",\"@id\":\"https:\\\/\\\/www.altercampagne.net\\\/#website\",\"url\":\"https:\\\/\\\/www.altercampagne.net\\\/\",\"name\":\"AlterTour\",\"description\":\"Reliez les Alternatives \u00e0 v\u00e9lo\",\"potentialAction\":[{\"@type\":\"SearchAction\",\"target\":{\"@type\":\"EntryPoint\",\"urlTemplate\":\"https:\\\/\\\/www.altercampagne.net\\\/?s={search_term_string}\"},\"query-input\":{\"@type\":\"PropertyValueSpecification\",\"valueRequired\":true,\"valueName\":\"search_term_string\"}}],\"inLanguage\":\"fr-FR\"}]}<\/script>\n<!-- \/ Yoast SEO plugin. -->","yoast_head_json":{"title":"Rejoindre l'AlterTour\/Bi\u00e8reTour avec son v\u00e9lo - AlterTour","robots":{"index":"index","follow":"follow","max-snippet":"max-snippet:-1","max-image-preview":"max-image-preview:large","max-video-preview":"max-video-preview:-1"},"canonical":"https:\/\/www.altercampagne.net\/?page_id=21445","og_locale":"fr_FR","og_type":"article","og_title":"Rejoindre l'AlterTour\/Bi\u00e8reTour avec son v\u00e9lo - AlterTour","og_description":"Rejoindre l&rsquo;AlterTour\/Alter-D-Tour\/Bi\u00e8reTour avec son v\u00e9lo, n&rsquo;est pas toujours facile, nous souhaitons ici partager nos trucs et astuces et notre exp\u00e9rience pour que nos gal\u00e8re pass\u00e9es puisse t&rsquo;\u00e9viter quelques tracas. Plusieurs m\u00e9thodes : le train le bus le v\u00e9lo Le train Tout d&rsquo;abord, les v\u00e9los couch\u00e9s, tricycles, tandems et tout type ... Read More","og_url":"https:\/\/www.altercampagne.net\/?page_id=21445","og_site_name":"AlterTour","article_modified_time":"2022-04-12T08:47:12+00:00","og_image":[{"width":800,"height":370,"url":"https:\/\/www.altercampagne.net\/wp-content\/uploads\/2021\/04\/rsz_to_800x600_20190710_092535-e1619017296330.jpg","type":"image\/jpeg"}],"twitter_card":"summary_large_image","twitter_misc":{"Dur\u00e9e de lecture estim\u00e9e":"3 minutes"},"schema":{"@context":"https:\/\/schema.org","@graph":[{"@type":"WebPage","@id":"https:\/\/www.altercampagne.net\/?page_id=21445","url":"https:\/\/www.altercampagne.net\/?page_id=21445","name":"Rejoindre l'AlterTour\/Bi\u00e8reTour avec son v\u00e9lo - AlterTour","isPartOf":{"@id":"https:\/\/www.altercampagne.net\/#website"},"primaryImageOfPage":{"@id":"https:\/\/www.altercampagne.net\/?page_id=21445#primaryimage"},"image":{"@id":"https:\/\/www.altercampagne.net\/?page_id=21445#primaryimage"},"thumbnailUrl":"https:\/\/www.altercampagne.net\/wp-content\/uploads\/2021\/04\/rsz_to_800x600_20190710_092535-e1619017296330.jpg","datePublished":"2021-04-21T14:34:57+00:00","dateModified":"2022-04-12T08:47:12+00:00","breadcrumb":{"@id":"https:\/\/www.altercampagne.net\/?page_id=21445#breadcrumb"},"inLanguage":"fr-FR","potentialAction":[{"@type":"ReadAction","target":["https:\/\/www.altercampagne.net\/?page_id=21445"]}]},{"@type":"ImageObject","inLanguage":"fr-FR","@id":"https:\/\/www.altercampagne.net\/?page_id=21445#primaryimage","url":"https:\/\/www.altercampagne.net\/wp-content\/uploads\/2021\/04\/rsz_to_800x600_20190710_092535-e1619017296330.jpg","contentUrl":"https:\/\/www.altercampagne.net\/wp-content\/uploads\/2021\/04\/rsz_to_800x600_20190710_092535-e1619017296330.jpg","width":800,"height":370,"caption":"v\u00e9lo dans le train"},{"@type":"BreadcrumbList","@id":"https:\/\/www.altercampagne.net\/?page_id=21445#breadcrumb","itemListElement":[{"@type":"ListItem","position":1,"name":"Accueil","item":"https:\/\/www.altercampagne.net\/"},{"@type":"ListItem","position":2,"name":"Rejoindre l&rsquo;AlterTour\/Bi\u00e8reTour avec son v\u00e9lo"}]},{"@type":"WebSite","@id":"https:\/\/www.altercampagne.net\/#website","url":"https:\/\/www.altercampagne.net\/","name":"AlterTour","description":"Reliez les Alternatives \u00e0 v\u00e9lo","potentialAction":[{"@type":"SearchAction","target":{"@type":"EntryPoint","urlTemplate":"https:\/\/www.altercampagne.net\/?s={search_term_string}"},"query-input":{"@type":"PropertyValueSpecification","valueRequired":true,"valueName":"search_term_string"}}],"inLanguage":"fr-FR"}]}},"_links":{"self":[{"href":"https:\/\/www.altercampagne.net\/index.php?rest_route=\/wp\/v2\/pages\/21445","targetHints":{"allow":["GET"]}}],"collection":[{"href":"https:\/\/www.altercampagne.net\/index.php?rest_route=\/wp\/v2\/pages"}],"about":[{"href":"https:\/\/www.altercampagne.net\/index.php?rest_route=\/wp\/v2\/types\/page"}],"author":[{"embeddable":true,"href":"https:\/\/www.altercampagne.net\/index.php?rest_route=\/wp\/v2\/users\/231"}],"replies":[{"embeddable":true,"href":"https:\/\/www.altercampagne.net\/index.php?rest_route=%2Fwp%2Fv2%2Fcomments&post=21445"}],"version-history":[{"count":20,"href":"https:\/\/www.altercampagne.net\/index.php?rest_route=\/wp\/v2\/pages\/21445\/revisions"}],"predecessor-version":[{"id":25106,"href":"https:\/\/www.altercampagne.net\/index.php?rest_route=\/wp\/v2\/pages\/21445\/revisions\/25106"}],"wp:featuredmedia":[{"embeddable":true,"href":"https:\/\/www.altercampagne.net\/index.php?rest_route=\/wp\/v2\/media\/21449"}],"wp:attachment":[{"href":"https:\/\/www.altercampagne.net\/index.php?rest_route=%2Fwp%2Fv2%2Fmedia&parent=21445"}],"curies":[{"name":"wp","href":"https:\/\/api.w.org\/{rel}","templated":true}]}}