{"id":27259,"date":"2023-01-03T11:10:39","date_gmt":"2023-01-03T10:10:39","guid":{"rendered":"https:\/\/www.altercampagne.net\/?page_id=27259"},"modified":"2023-01-03T11:12:58","modified_gmt":"2023-01-03T10:12:58","slug":"les-echappees-belles","status":"publish","type":"page","link":"https:\/\/www.altercampagne.net\/?page_id=27259","title":{"rendered":"Programme des \u00c9chapp\u00e9es Belles"},"content":{"rendered":"\n<p>Une \u00c9chapp\u00e9e Belle est un parcours parall\u00e8le \u00e0 l\u2019AlterTour, en plus petit groupe (maximum 25), mais au fonctionnement et \u00e0 la philosophie similaires \u00e0 l\u2019AlterTour. Seule diff\u00e9rence : les participant\u00b7es portent leur bagages sur leurs v\u00e9los car il n\u2019y a pas de v\u00e9hicules d\u2019accompagnement.<\/p>\n\n\n\n<p>Cette ann\u00e9e il n&rsquo;y aura qu&rsquo;une pendant l&rsquo;\u00e9t\u00e9 : elle aura lieu dans le Gard, voici le programme pr\u00e9visionnel :<\/p>\n\n\n\n<p>Du 31 juillet au 3 ao\u00fbt, de Montaren (30) \u00e0 Saint Hippolyte du Fort (30). Une Echapp\u00e9e Belle sur le th\u00e8me \u00ab Autour du feu \u00bb. Au programme : construction d\u2019un four \u00e0 pizza \u00e9ph\u00e9m\u00e8re en briques de terre \u00e0 B\u00e2tir Vivant, visite de l\u2019\u00e9cole de forge Fer \u00e0 modeler qui accueille aussi un projet d\u2019\u00e9co-hameau \u00ab tremplin \u00bb (pour tester la vie en collectif\u2026 en restant en location), rencontre et cuisine avec Feu Follet, un atelier associatif de construction de four \u00e0 cuisson au feu de bois avec des mat\u00e9riau de r\u00e9cup\u00e9ration, et enfin un repas partag\u00e9 \u00e0 la Cantine Solidaire d&rsquo;Al\u00e8s, o\u00f9 chacun-e peut se joindre \u00e0 un chaleureux foyer le temps d\u2019un repas \u00e0 prix enti\u00e8rement libre.<\/p>\n\n\n\n<p><strong><em>(!) Fortes chaleurs attendues \u00e0 cette p\u00e9riode dans le Gard. Quelques petits tron\u00e7ons sur des routes fr\u00e9quent\u00e9es. Possibilit\u00e9 de s\u2019arr\u00eater \u00e0 Al\u00e8s le 03\/08 \u00e0 midi pour ceux qui ne souhaiteraient pas rejoindre l\u2019AlterTour le soir. Trajet l\u2019apr\u00e8s-midi entre Al\u00e8s et Saint-Hippolyte-du-Fort tr\u00e8s sportif (!)<\/em><\/strong><\/p>\n\n\n\n<ul class=\"wp-block-list\">\n<li>Dimanche 31 juillet : <strong><a href=\"https:\/\/www.altercampagne.net\/?page_id=24855&amp;route=539\">Montaren &#8211; Saint Laurent la Vern\u00e8de<\/a> (28km) B\u00e2tir vivant<\/strong><\/li>\n\n\n\n<li>Lundi 1er ao\u00fbt : <strong><a href=\"https:\/\/www.altercampagne.net\/?page_id=24855&amp;route=540\">Saint Laurent la Vern\u00e8de &#8211; M\u00e9jannes le Cap (21km)<\/a> Fer \u00e0 Modeler<\/strong><\/li>\n\n\n\n<li>Mardi 2 ao\u00fbt : <strong><a href=\"https:\/\/www.altercampagne.net\/?page_id=24855&amp;route=541\">M\u00e9jannes le Cap &#8211; Bess\u00e8ges (29km)<\/a> Tribu vivace et Feu follet<\/strong><\/li>\n\n\n\n<li>Mercredi 3 ao\u00fbt : <strong><a href=\"https:\/\/www.altercampagne.net\/?page_id=24855&amp;route=542\">Bess\u00e8ges &#8211; Al\u00e8s &#8211; Saint Hippolyte du fort (60km)<\/a> La cantine solidaire \u00e0 Al\u00e8s et Le ferme du Berquet \u00e0 St Hippolyte du Fort<\/strong> o\u00f9 l&rsquo;\u00e9chapp\u00e9e rejoint le reste de la troupe AlterTour.<\/li>\n<\/ul>\n\n\n<div class=\"wp-block-image\">\n<figure class=\"aligncenter\"><a href=\"https:\/\/www.altercampagne.net\/wp-content\/uploads\/2022\/05\/EB22_Visuels_Parcours_V3.png\"><img decoding=\"async\" src=\"https:\/\/www.altercampagne.net\/wp-content\/uploads\/2022\/05\/EB22_Visuels_Parcours_V3.png\" alt=\"\" class=\"wp-image-25086\"\/><\/a><\/figure>\n<\/div>\n\n\n<p>Nous publierons r\u00e9guli\u00e8rement des articles (sur le <a href=\"https:\/\/www.altercampagne.net\/?page_id=7\">blog<\/a>) sur les Alternatives auxquelles nous rendrons visite cet \u00e9t\u00e9.<\/p>\n\n\n\n<p>&#8212;&#8212;&#8212;&#8212;&#8212;&#8212;&#8212;&#8212;&#8212;&#8212;&#8212;&#8212;&#8212;&#8212;&#8212;&#8212;&#8212;&#8212;&#8212;&#8212;&#8212;&#8212;&#8212;&#8212;&#8212;&#8212;&#8212;&#8212;&#8212;&#8212;&#8212;&#8212;&#8212;&#8212;&#8212;&#8212;&#8212;&#8212;&#8212;&#8212;&#8212;&#8212;&#8212;&#8212;&#8212;&#8212;&#8212;&#8212;&#8212;&#8212;&#8212;&#8212;&#8212;&#8212;&#8212;&#8212;<\/p>\n\n\n<div class=\"wp-block-image\">\n<figure class=\"aligncenter\"><a href=\"https:\/\/www.altercampagne.net\/wp-content\/uploads\/2022\/07\/Ebf-visuel.png\"><img loading=\"lazy\" decoding=\"async\" width=\"452\" height=\"477\" src=\"https:\/\/www.altercampagne.net\/wp-content\/uploads\/2022\/07\/Ebf-visuel.png\" alt=\"\" class=\"wp-image-25967\" srcset=\"https:\/\/www.altercampagne.net\/wp-content\/uploads\/2022\/07\/Ebf-visuel.png 452w, https:\/\/www.altercampagne.net\/wp-content\/uploads\/2022\/07\/Ebf-visuel-284x300.png 284w, https:\/\/www.altercampagne.net\/wp-content\/uploads\/2022\/07\/Ebf-visuel-100x106.png 100w\" sizes=\"auto, (max-width: 452px) 100vw, 452px\" \/><\/a><\/figure>\n<\/div>\n\n\n<p>Une \u00c9chapp\u00e9e Belle est un parcours parall\u00e8le \u00e0 l\u2019AlterTour, en plus petit groupe (maximum 25), mais au fonctionnement et \u00e0 la philosophie similaires \u00e0 l\u2019AlterTour. Seule diff\u00e9rence : les participant\u00b7es portent leur bagages sur leurs v\u00e9los car il n\u2019y a pas de v\u00e9hicules d\u2019accompagnement.<\/p>\n\n\n\n<p>Au mois de septembre, roulera une Echapp\u00e9e Belle f\u00e9ministe en <strong><a href=\"https:\/\/moisdugenre.univ-angers.fr\/2022\/02\/24\/non-mixite-mixite-choisie\/\">mixit\u00e9 choisie <\/a><\/strong>sans homme cisgenre. C&rsquo;est \u00e0 dire que cette \u00e9chapp\u00e9e belle s&rsquo;adresse uniquement aux personnes sexis\u00e9es : meufs, personnes trans, non binaires. Pourquoi ce choix ? Parce que nous sommes conscient.es que dans tous les groupes , des rapports de domination s&rsquo;exercent. Aussi, nous voulons proposer ici un cadre ou les minorit\u00e9s peuvent plus facilement s&rsquo;exprimer.<\/p>\n\n\n\n<p><strong>Elle aura lieu du 17 au 24 septembre 2022 dans la Dr\u00f4me<\/strong>. D\u00e9tails du programme ci dessous.<\/p>\n\n\n\n<p>Pour s\u00e9curiser le groupe et fortes de notre exp\u00e9rience de l&rsquo;ann\u00e9e derni\u00e8re, nous avons d\u00e9cid\u00e9 de<strong> proposer la participation sur toute la semaine<\/strong>. Nous proposerons un temps d&rsquo;inclusion le vendredi ou le samedi selon les arriv\u00e9es et<strong> il n&rsquo;y aura pas d&rsquo;arriv\u00e9es en cours de route<\/strong> pour prot\u00e9ger la membrane* de groupe que l&rsquo;on aura cr\u00e9e.<\/p>\n\n\n\n<p>Au programme (participation souveraine**) : rencontrer des agricultrices inspirantes qui r\u00e9volutionnent le monde masculin de l&rsquo;agriculture, enrichir nos positionnements f\u00e9ministes avec des outils d&rsquo;\u00e9ducation populaire, faire de la m\u00e9canique v\u00e9lo, chanter, jouer. Prenez vos instruments si vous en avez !<\/p>\n\n\n\n<p><em>* La membrane c&rsquo;est ce qui \u00e9merge autour du groupe, nous s\u00e9curise et nous prot\u00e8ge quand on pose un cadre de s\u00e9curit\u00e9 ensemble.<\/em><\/p>\n\n\n\n<p><em>* *\u00c7a veut dire que vous n&rsquo;avez pas envie de participer \u00e0 un atelier, vous \u00eates libres et pouvez faire autre chose<\/em><\/p>\n\n\n<div class=\"wp-block-image\">\n<figure class=\"aligncenter\"><a href=\"https:\/\/www.altercampagne.net\/wp-content\/uploads\/2022\/07\/ebf-visu31.png\" target=\"_blank\" rel=\"noreferrer noopener\"><img loading=\"lazy\" decoding=\"async\" width=\"487\" height=\"390\" src=\"https:\/\/www.altercampagne.net\/wp-content\/uploads\/2022\/07\/ebf-visu31.png\" alt=\"\" class=\"wp-image-26067\" srcset=\"https:\/\/www.altercampagne.net\/wp-content\/uploads\/2022\/07\/ebf-visu31.png 487w, https:\/\/www.altercampagne.net\/wp-content\/uploads\/2022\/07\/ebf-visu31-300x240.png 300w, https:\/\/www.altercampagne.net\/wp-content\/uploads\/2022\/07\/ebf-visu31-100x80.png 100w\" sizes=\"auto, (max-width: 487px) 100vw, 487px\" \/><\/a><\/figure>\n<\/div>\n\n\n<p><strong><em>Programme jour par jour (cliquez sur les liens en vert pour plus d&rsquo;infos)<\/em><\/strong><\/p>\n\n\n\n<p>Arriv\u00e9e possible d\u00e8s le vendredi 16 septembre, <a href=\"https:\/\/www.altercampagne.net\/?page_id=24855&amp;route=602\"><strong>au vignoble de Justine \u00e0 Richerendes<\/strong><\/a> (enclave des papes)<\/p>\n\n\n\n<p>Samedi 17 septembre :<strong> <a href=\"https:\/\/www.altercampagne.net\/?page_id=24855&amp;route=603\">Enclave des papes (0km)<\/a> <\/strong>Le vignoble de Justine<\/p>\n\n\n\n<p>Dimanche 18 septembre : <a href=\"https:\/\/www.altercampagne.net\/?page_id=24855&amp;route=604\"><strong>Enclave des papes &#8211; Crest (49km)<\/strong><\/a> chez Liam<\/p>\n\n\n\n<p>Lundi 19 septembre :<strong><a href=\"https:\/\/www.altercampagne.net\/?page_id=24855&amp;route=605\"> Crest &#8211; Beaufort sur Gervanne (15km)<\/a><\/strong> La f\u00e9e des champs<\/p>\n\n\n\n<p>Mardi 20 septembre :<strong> <a href=\"https:\/\/www.altercampagne.net\/?page_id=24855&amp;route=606\">Beaufort sur Gervanne &#8211; Saint Laurent du Pape (41km)<\/a> <\/strong>Ferme des autres lieux<\/p>\n\n\n\n<p>Mercredi 21 septembre : <a href=\"https:\/\/www.altercampagne.net\/?page_id=24855&amp;route=607\"><strong>Saint Laurent du Pape (0km)<\/strong><\/a> Ferme des autres lieux<\/p>\n\n\n\n<p>Jeudi 22 septembre : <strong><a href=\"https:\/\/www.altercampagne.net\/?page_id=24855&amp;route=608\">Saint Laurent du Pape &#8211; Mont\u00e9lier (35km)<\/a><\/strong> Ferme du grand Laval<\/p>\n\n\n\n<p>Vendredi 23 septembre : <a href=\"https:\/\/www.altercampagne.net\/?page_id=24855&amp;route=609\"><strong>Mont\u00e9lier (0km)<\/strong><\/a> Ferme du grand Laval<\/p>\n\n\n\n<p>Samedi 24 septembre : <a href=\"https:\/\/www.altercampagne.net\/?page_id=24855&amp;route=610\"><strong>Mont\u00e9lier &#8211; Valence (12km)<\/strong><\/a><\/p>\n\n\n\n<p>et cliquez <a href=\"https:\/\/www.altercampagne.net\/?p=25932\"><strong>ici<\/strong><\/a> pour lire la note de blog d\u00e9di\u00e9e \u00e0 cette \u00e9chapp\u00e9e.<\/p>\n\n\n\n<p>&#8212;&#8212;&#8212;&#8212;&#8212;&#8212;&#8212;&#8212;&#8212;&#8212;&#8212;&#8212;&#8212;&#8212;&#8212;&#8212;&#8212;&#8212;&#8212;&#8212;&#8212;&#8212;&#8212;&#8212;&#8212;&#8212;&#8212;&#8212;&#8212;&#8212;&#8212;&#8212;&#8212;&#8212;&#8212;&#8212;&#8212;&#8212;&#8212;&#8212;&#8212;&#8212;&#8212;&#8212;&#8212;&#8212;&#8212;&#8212;&#8212;&#8211;<\/p>\n\n\n\n<figure class=\"wp-block-image\"><a href=\"https:\/\/www.altercampagne.net\/wp-content\/uploads\/2022\/03\/ebb-parcours.jpg\"><img loading=\"lazy\" decoding=\"async\" width=\"750\" height=\"747\" src=\"https:\/\/www.altercampagne.net\/wp-content\/uploads\/2022\/03\/ebb-parcours.jpg\" alt=\"\" class=\"wp-image-24556\" srcset=\"https:\/\/www.altercampagne.net\/wp-content\/uploads\/2022\/03\/ebb-parcours.jpg 750w, https:\/\/www.altercampagne.net\/wp-content\/uploads\/2022\/03\/ebb-parcours-300x300.jpg 300w, https:\/\/www.altercampagne.net\/wp-content\/uploads\/2022\/03\/ebb-parcours-150x150.jpg 150w, https:\/\/www.altercampagne.net\/wp-content\/uploads\/2022\/03\/ebb-parcours-610x608.jpg 610w, https:\/\/www.altercampagne.net\/wp-content\/uploads\/2022\/03\/ebb-parcours-100x100.jpg 100w\" sizes=\"auto, (max-width: 750px) 100vw, 750px\" \/><\/a><\/figure>\n\n\n\n<p>Comme la chante Dick Annergarn, la belle Bruxelles est pleine de charme. Elle est aussi au c\u0153ur de nombreuses initiatives qu\u2019on veut partager avec vous. Fermes et projets sociaux urbains et p\u00e9ri-urbains, <strong>cette \u00e9chapp\u00e9e belge vous permettra de rencontrer des acteurs bruxellois<\/strong> (<strong><a href=\"https:\/\/www.radiskale.be\/\" target=\"_blank\" rel=\"noreferrer noopener\">RadisKale<\/a>, <a href=\"https:\/\/communa.be\/\" target=\"_blank\" rel=\"noreferrer noopener\">Communa<\/a><\/strong>) et braban\u00e7ons (<strong><a href=\"https:\/\/larbrequipousse.org\/\" target=\"_blank\" rel=\"noreferrer noopener\">L\u2019arbre qui pousse<\/a>, <a href=\"https:\/\/www.facebook.com\/La-Briktrie-111143120279517\/\" target=\"_blank\" rel=\"noreferrer noopener\">La Briktrie<\/a>, <a href=\"https:\/\/www.polln.be\/\" target=\"_blank\" rel=\"noreferrer noopener\">Poll\u2019N<\/a>, <a href=\"https:\/\/reporterre.net\/En-Belgique-un-quartier-de-cabanes-et-roulottes-depuis-cinquante-ans\" target=\"_blank\" rel=\"noreferrer noopener\">La Baraque<\/a>, <a href=\"https:\/\/www.kayoux.be\/\" target=\"_blank\" rel=\"noreferrer noopener\">Kayoux <\/a><\/strong>\u00e0 Ottignies-Louvain-la-Neuve, <a href=\"https:\/\/www.maferme.be\/\" target=\"_blank\" rel=\"noreferrer noopener\"><strong>Ma Ferme<\/strong><\/a> \u00e0 Enghien).<\/p>\n\n\n<div class=\"wp-block-image\">\n<figure class=\"aligncenter\"><a href=\"https:\/\/www.altercampagne.net\/wp-content\/uploads\/2022\/03\/ebb-e1646127977738.jpg\"><img loading=\"lazy\" decoding=\"async\" width=\"500\" height=\"707\" src=\"https:\/\/www.altercampagne.net\/wp-content\/uploads\/2022\/03\/ebb-e1646127977738.jpg\" alt=\"\" class=\"wp-image-24557\"\/><\/a><\/figure>\n<\/div>\n\n\n<p>A travers les rues et parcs de Bruxelles, les dr\u00e8ves de la For\u00eat de Soignes, par des voies vertes et les berges d\u2019un vieux canal du Brabant, par monts et par vaux, <strong>un p\u00e9riple de 4 jours <\/strong>(du mercredi 25 soir au dimanche 29 mai apr\u00e8s-midi) et <strong>3 \u00e9tapes v\u00e9los d\u2019une cinquantaine de kilom\u00e8tres<\/strong> chacune permettra au groupe de 25 alter-cyclistes d\u2019\u00e9changer sur ces projets de transition sociale et environnementale.<\/p>\n\n\n\n<p>Logement sous tente, chacun.e transporte ses bagages.<\/p>\n\n\n\n<h5 class=\"wp-block-heading\">Inscription d\u00e8s le 15 mars 2022.<\/h5>\n","protected":false},"excerpt":{"rendered":"<p>Une \u00c9chapp\u00e9e Belle est un parcours parall\u00e8le \u00e0 l\u2019AlterTour, en plus petit groupe (maximum 25), mais au fonctionnement et \u00e0 la philosophie similaires \u00e0 l\u2019AlterTour. Seule diff\u00e9rence : les participant\u00b7es portent leur bagages sur leurs v\u00e9los car il n\u2019y a pas de v\u00e9hicules d\u2019accompagnement. Cette ann\u00e9e il n&rsquo;y aura qu&rsquo;une &#8230; <\/p>\n<div><a href=\"https:\/\/www.altercampagne.net\/?page_id=27259\" class=\"more-link\">Read More<\/a><\/div>\n","protected":false},"author":295,"featured_media":0,"parent":0,"menu_order":0,"comment_status":"closed","ping_status":"closed","template":"","meta":{"footnotes":""},"class_list":["post-27259","page","type-page","status-publish","hentry","no-post-thumbnail"],"yoast_head":"<!-- This site is optimized with the Yoast SEO plugin v27.3 - https:\/\/yoast.com\/product\/yoast-seo-wordpress\/ -->\n<title>Programme des \u00c9chapp\u00e9es Belles - AlterTour<\/title>\n<meta name=\"robots\" content=\"index, follow, max-snippet:-1, max-image-preview:large, max-video-preview:-1\" \/>\n<link rel=\"canonical\" href=\"https:\/\/www.altercampagne.net\/?page_id=27259\" \/>\n<meta property=\"og:locale\" content=\"fr_FR\" \/>\n<meta property=\"og:type\" content=\"article\" \/>\n<meta property=\"og:title\" content=\"Programme des \u00c9chapp\u00e9es Belles - AlterTour\" \/>\n<meta property=\"og:description\" content=\"Une \u00c9chapp\u00e9e Belle est un parcours parall\u00e8le \u00e0 l\u2019AlterTour, en plus petit groupe (maximum 25), mais au fonctionnement et \u00e0 la philosophie similaires \u00e0 l\u2019AlterTour. Seule diff\u00e9rence : les participant\u00b7es portent leur bagages sur leurs v\u00e9los car il n\u2019y a pas de v\u00e9hicules d\u2019accompagnement. Cette ann\u00e9e il n&rsquo;y aura qu&rsquo;une ... Read More\" \/>\n<meta property=\"og:url\" content=\"https:\/\/www.altercampagne.net\/?page_id=27259\" \/>\n<meta property=\"og:site_name\" content=\"AlterTour\" \/>\n<meta property=\"article:modified_time\" content=\"2023-01-03T10:12:58+00:00\" \/>\n<meta property=\"og:image\" content=\"https:\/\/www.altercampagne.net\/wp-content\/uploads\/2022\/05\/EB22_Visuels_Parcours_V3.png\" \/>\n<meta name=\"twitter:card\" content=\"summary_large_image\" \/>\n<meta name=\"twitter:label1\" content=\"Dur\u00e9e de lecture estim\u00e9e\" \/>\n\t<meta name=\"twitter:data1\" content=\"6 minutes\" \/>\n<script type=\"application\/ld+json\" class=\"yoast-schema-graph\">{\"@context\":\"https:\\\/\\\/schema.org\",\"@graph\":[{\"@type\":\"WebPage\",\"@id\":\"https:\\\/\\\/www.altercampagne.net\\\/?page_id=27259\",\"url\":\"https:\\\/\\\/www.altercampagne.net\\\/?page_id=27259\",\"name\":\"Programme des \u00c9chapp\u00e9es Belles - AlterTour\",\"isPartOf\":{\"@id\":\"https:\\\/\\\/www.altercampagne.net\\\/#website\"},\"primaryImageOfPage\":{\"@id\":\"https:\\\/\\\/www.altercampagne.net\\\/?page_id=27259#primaryimage\"},\"image\":{\"@id\":\"https:\\\/\\\/www.altercampagne.net\\\/?page_id=27259#primaryimage\"},\"thumbnailUrl\":\"https:\\\/\\\/www.altercampagne.net\\\/wp-content\\\/uploads\\\/2022\\\/05\\\/EB22_Visuels_Parcours_V3.png\",\"datePublished\":\"2023-01-03T10:10:39+00:00\",\"dateModified\":\"2023-01-03T10:12:58+00:00\",\"breadcrumb\":{\"@id\":\"https:\\\/\\\/www.altercampagne.net\\\/?page_id=27259#breadcrumb\"},\"inLanguage\":\"fr-FR\",\"potentialAction\":[{\"@type\":\"ReadAction\",\"target\":[\"https:\\\/\\\/www.altercampagne.net\\\/?page_id=27259\"]}]},{\"@type\":\"ImageObject\",\"inLanguage\":\"fr-FR\",\"@id\":\"https:\\\/\\\/www.altercampagne.net\\\/?page_id=27259#primaryimage\",\"url\":\"https:\\\/\\\/www.altercampagne.net\\\/wp-content\\\/uploads\\\/2022\\\/05\\\/EB22_Visuels_Parcours_V3.png\",\"contentUrl\":\"https:\\\/\\\/www.altercampagne.net\\\/wp-content\\\/uploads\\\/2022\\\/05\\\/EB22_Visuels_Parcours_V3.png\",\"width\":2481,\"height\":1749},{\"@type\":\"BreadcrumbList\",\"@id\":\"https:\\\/\\\/www.altercampagne.net\\\/?page_id=27259#breadcrumb\",\"itemListElement\":[{\"@type\":\"ListItem\",\"position\":1,\"name\":\"Accueil\",\"item\":\"https:\\\/\\\/www.altercampagne.net\\\/\"},{\"@type\":\"ListItem\",\"position\":2,\"name\":\"Programme des \u00c9chapp\u00e9es Belles\"}]},{\"@type\":\"WebSite\",\"@id\":\"https:\\\/\\\/www.altercampagne.net\\\/#website\",\"url\":\"https:\\\/\\\/www.altercampagne.net\\\/\",\"name\":\"AlterTour\",\"description\":\"Reliez les Alternatives \u00e0 v\u00e9lo\",\"potentialAction\":[{\"@type\":\"SearchAction\",\"target\":{\"@type\":\"EntryPoint\",\"urlTemplate\":\"https:\\\/\\\/www.altercampagne.net\\\/?s={search_term_string}\"},\"query-input\":{\"@type\":\"PropertyValueSpecification\",\"valueRequired\":true,\"valueName\":\"search_term_string\"}}],\"inLanguage\":\"fr-FR\"}]}<\/script>\n<!-- \/ Yoast SEO plugin. -->","yoast_head_json":{"title":"Programme des \u00c9chapp\u00e9es Belles - AlterTour","robots":{"index":"index","follow":"follow","max-snippet":"max-snippet:-1","max-image-preview":"max-image-preview:large","max-video-preview":"max-video-preview:-1"},"canonical":"https:\/\/www.altercampagne.net\/?page_id=27259","og_locale":"fr_FR","og_type":"article","og_title":"Programme des \u00c9chapp\u00e9es Belles - AlterTour","og_description":"Une \u00c9chapp\u00e9e Belle est un parcours parall\u00e8le \u00e0 l\u2019AlterTour, en plus petit groupe (maximum 25), mais au fonctionnement et \u00e0 la philosophie similaires \u00e0 l\u2019AlterTour. Seule diff\u00e9rence : les participant\u00b7es portent leur bagages sur leurs v\u00e9los car il n\u2019y a pas de v\u00e9hicules d\u2019accompagnement. Cette ann\u00e9e il n&rsquo;y aura qu&rsquo;une ... Read More","og_url":"https:\/\/www.altercampagne.net\/?page_id=27259","og_site_name":"AlterTour","article_modified_time":"2023-01-03T10:12:58+00:00","og_image":[{"url":"https:\/\/www.altercampagne.net\/wp-content\/uploads\/2022\/05\/EB22_Visuels_Parcours_V3.png","type":"","width":"","height":""}],"twitter_card":"summary_large_image","twitter_misc":{"Dur\u00e9e de lecture estim\u00e9e":"6 minutes"},"schema":{"@context":"https:\/\/schema.org","@graph":[{"@type":"WebPage","@id":"https:\/\/www.altercampagne.net\/?page_id=27259","url":"https:\/\/www.altercampagne.net\/?page_id=27259","name":"Programme des \u00c9chapp\u00e9es Belles - AlterTour","isPartOf":{"@id":"https:\/\/www.altercampagne.net\/#website"},"primaryImageOfPage":{"@id":"https:\/\/www.altercampagne.net\/?page_id=27259#primaryimage"},"image":{"@id":"https:\/\/www.altercampagne.net\/?page_id=27259#primaryimage"},"thumbnailUrl":"https:\/\/www.altercampagne.net\/wp-content\/uploads\/2022\/05\/EB22_Visuels_Parcours_V3.png","datePublished":"2023-01-03T10:10:39+00:00","dateModified":"2023-01-03T10:12:58+00:00","breadcrumb":{"@id":"https:\/\/www.altercampagne.net\/?page_id=27259#breadcrumb"},"inLanguage":"fr-FR","potentialAction":[{"@type":"ReadAction","target":["https:\/\/www.altercampagne.net\/?page_id=27259"]}]},{"@type":"ImageObject","inLanguage":"fr-FR","@id":"https:\/\/www.altercampagne.net\/?page_id=27259#primaryimage","url":"https:\/\/www.altercampagne.net\/wp-content\/uploads\/2022\/05\/EB22_Visuels_Parcours_V3.png","contentUrl":"https:\/\/www.altercampagne.net\/wp-content\/uploads\/2022\/05\/EB22_Visuels_Parcours_V3.png","width":2481,"height":1749},{"@type":"BreadcrumbList","@id":"https:\/\/www.altercampagne.net\/?page_id=27259#breadcrumb","itemListElement":[{"@type":"ListItem","position":1,"name":"Accueil","item":"https:\/\/www.altercampagne.net\/"},{"@type":"ListItem","position":2,"name":"Programme des \u00c9chapp\u00e9es Belles"}]},{"@type":"WebSite","@id":"https:\/\/www.altercampagne.net\/#website","url":"https:\/\/www.altercampagne.net\/","name":"AlterTour","description":"Reliez les Alternatives \u00e0 v\u00e9lo","potentialAction":[{"@type":"SearchAction","target":{"@type":"EntryPoint","urlTemplate":"https:\/\/www.altercampagne.net\/?s={search_term_string}"},"query-input":{"@type":"PropertyValueSpecification","valueRequired":true,"valueName":"search_term_string"}}],"inLanguage":"fr-FR"}]}},"_links":{"self":[{"href":"https:\/\/www.altercampagne.net\/index.php?rest_route=\/wp\/v2\/pages\/27259","targetHints":{"allow":["GET"]}}],"collection":[{"href":"https:\/\/www.altercampagne.net\/index.php?rest_route=\/wp\/v2\/pages"}],"about":[{"href":"https:\/\/www.altercampagne.net\/index.php?rest_route=\/wp\/v2\/types\/page"}],"author":[{"embeddable":true,"href":"https:\/\/www.altercampagne.net\/index.php?rest_route=\/wp\/v2\/users\/295"}],"replies":[{"embeddable":true,"href":"https:\/\/www.altercampagne.net\/index.php?rest_route=%2Fwp%2Fv2%2Fcomments&post=27259"}],"version-history":[{"count":2,"href":"https:\/\/www.altercampagne.net\/index.php?rest_route=\/wp\/v2\/pages\/27259\/revisions"}],"predecessor-version":[{"id":27262,"href":"https:\/\/www.altercampagne.net\/index.php?rest_route=\/wp\/v2\/pages\/27259\/revisions\/27262"}],"wp:attachment":[{"href":"https:\/\/www.altercampagne.net\/index.php?rest_route=%2Fwp%2Fv2%2Fmedia&parent=27259"}],"curies":[{"name":"wp","href":"https:\/\/api.w.org\/{rel}","templated":true}]}}