{"id":8572,"date":"2018-01-16T11:16:37","date_gmt":"2018-01-16T10:16:37","guid":{"rendered":"http:\/\/www.altercampagne.net\/?page_id=8572"},"modified":"2021-04-13T21:49:23","modified_gmt":"2021-04-13T19:49:23","slug":"echappee-belle-2017","status":"publish","type":"page","link":"https:\/\/www.altercampagne.net\/?page_id=8572","title":{"rendered":"\u00c9chapp\u00e9e belle 2017"},"content":{"rendered":"\n<h2 class=\"has-text-align-center wp-block-heading\">\u00c9chapp\u00e9es Belles 2017<\/h2>\n\n\n","protected":false},"excerpt":{"rendered":"<p>\u00c9chapp\u00e9es Belles 2017<\/p>\n","protected":false},"author":214,"featured_media":0,"parent":8567,"menu_order":0,"comment_status":"closed","ping_status":"closed","template":"template-blank-1.php","meta":{"footnotes":""},"class_list":["post-8572","page","type-page","status-publish","hentry","no-post-thumbnail"],"yoast_head":"<!-- This site is optimized with the Yoast SEO plugin v27.3 - https:\/\/yoast.com\/product\/yoast-seo-wordpress\/ -->\n<title>\u00c9chapp\u00e9e belle 2017 - AlterTour<\/title>\n<meta name=\"robots\" content=\"index, follow, max-snippet:-1, max-image-preview:large, max-video-preview:-1\" \/>\n<link rel=\"canonical\" href=\"https:\/\/www.altercampagne.net\/?page_id=8572\" \/>\n<meta property=\"og:locale\" content=\"fr_FR\" \/>\n<meta property=\"og:type\" content=\"article\" \/>\n<meta property=\"og:title\" content=\"\u00c9chapp\u00e9e belle 2017 - AlterTour\" \/>\n<meta property=\"og:description\" content=\"\u00c9chapp\u00e9es Belles 2017\" \/>\n<meta property=\"og:url\" content=\"https:\/\/www.altercampagne.net\/?page_id=8572\" \/>\n<meta property=\"og:site_name\" content=\"AlterTour\" \/>\n<meta property=\"article:modified_time\" content=\"2021-04-13T19:49:23+00:00\" \/>\n<meta name=\"twitter:card\" content=\"summary_large_image\" \/>\n<meta name=\"twitter:label1\" content=\"Dur\u00e9e de lecture estim\u00e9e\" \/>\n\t<meta name=\"twitter:data1\" content=\"1 minute\" \/>\n<script type=\"application\/ld+json\" class=\"yoast-schema-graph\">{\"@context\":\"https:\\\/\\\/schema.org\",\"@graph\":[{\"@type\":\"WebPage\",\"@id\":\"https:\\\/\\\/www.altercampagne.net\\\/?page_id=8572\",\"url\":\"https:\\\/\\\/www.altercampagne.net\\\/?page_id=8572\",\"name\":\"\u00c9chapp\u00e9e belle 2017 - AlterTour\",\"isPartOf\":{\"@id\":\"https:\\\/\\\/www.altercampagne.net\\\/#website\"},\"datePublished\":\"2018-01-16T10:16:37+00:00\",\"dateModified\":\"2021-04-13T19:49:23+00:00\",\"breadcrumb\":{\"@id\":\"https:\\\/\\\/www.altercampagne.net\\\/?page_id=8572#breadcrumb\"},\"inLanguage\":\"fr-FR\",\"potentialAction\":[{\"@type\":\"ReadAction\",\"target\":[\"https:\\\/\\\/www.altercampagne.net\\\/?page_id=8572\"]}]},{\"@type\":\"BreadcrumbList\",\"@id\":\"https:\\\/\\\/www.altercampagne.net\\\/?page_id=8572#breadcrumb\",\"itemListElement\":[{\"@type\":\"ListItem\",\"position\":1,\"name\":\"Accueil\",\"item\":\"https:\\\/\\\/www.altercampagne.net\\\/\"},{\"@type\":\"ListItem\",\"position\":2,\"name\":\"\u00c9dition 2017\",\"item\":\"https:\\\/\\\/www.altercampagne.net\\\/?page_id=8567\"},{\"@type\":\"ListItem\",\"position\":3,\"name\":\"\u00c9chapp\u00e9e belle 2017\"}]},{\"@type\":\"WebSite\",\"@id\":\"https:\\\/\\\/www.altercampagne.net\\\/#website\",\"url\":\"https:\\\/\\\/www.altercampagne.net\\\/\",\"name\":\"AlterTour\",\"description\":\"Reliez les Alternatives \u00e0 v\u00e9lo\",\"potentialAction\":[{\"@type\":\"SearchAction\",\"target\":{\"@type\":\"EntryPoint\",\"urlTemplate\":\"https:\\\/\\\/www.altercampagne.net\\\/?s={search_term_string}\"},\"query-input\":{\"@type\":\"PropertyValueSpecification\",\"valueRequired\":true,\"valueName\":\"search_term_string\"}}],\"inLanguage\":\"fr-FR\"}]}<\/script>\n<!-- \/ Yoast SEO plugin. -->","yoast_head_json":{"title":"\u00c9chapp\u00e9e belle 2017 - AlterTour","robots":{"index":"index","follow":"follow","max-snippet":"max-snippet:-1","max-image-preview":"max-image-preview:large","max-video-preview":"max-video-preview:-1"},"canonical":"https:\/\/www.altercampagne.net\/?page_id=8572","og_locale":"fr_FR","og_type":"article","og_title":"\u00c9chapp\u00e9e belle 2017 - AlterTour","og_description":"\u00c9chapp\u00e9es Belles 2017","og_url":"https:\/\/www.altercampagne.net\/?page_id=8572","og_site_name":"AlterTour","article_modified_time":"2021-04-13T19:49:23+00:00","twitter_card":"summary_large_image","twitter_misc":{"Dur\u00e9e de lecture estim\u00e9e":"1 minute"},"schema":{"@context":"https:\/\/schema.org","@graph":[{"@type":"WebPage","@id":"https:\/\/www.altercampagne.net\/?page_id=8572","url":"https:\/\/www.altercampagne.net\/?page_id=8572","name":"\u00c9chapp\u00e9e belle 2017 - AlterTour","isPartOf":{"@id":"https:\/\/www.altercampagne.net\/#website"},"datePublished":"2018-01-16T10:16:37+00:00","dateModified":"2021-04-13T19:49:23+00:00","breadcrumb":{"@id":"https:\/\/www.altercampagne.net\/?page_id=8572#breadcrumb"},"inLanguage":"fr-FR","potentialAction":[{"@type":"ReadAction","target":["https:\/\/www.altercampagne.net\/?page_id=8572"]}]},{"@type":"BreadcrumbList","@id":"https:\/\/www.altercampagne.net\/?page_id=8572#breadcrumb","itemListElement":[{"@type":"ListItem","position":1,"name":"Accueil","item":"https:\/\/www.altercampagne.net\/"},{"@type":"ListItem","position":2,"name":"\u00c9dition 2017","item":"https:\/\/www.altercampagne.net\/?page_id=8567"},{"@type":"ListItem","position":3,"name":"\u00c9chapp\u00e9e belle 2017"}]},{"@type":"WebSite","@id":"https:\/\/www.altercampagne.net\/#website","url":"https:\/\/www.altercampagne.net\/","name":"AlterTour","description":"Reliez les Alternatives \u00e0 v\u00e9lo","potentialAction":[{"@type":"SearchAction","target":{"@type":"EntryPoint","urlTemplate":"https:\/\/www.altercampagne.net\/?s={search_term_string}"},"query-input":{"@type":"PropertyValueSpecification","valueRequired":true,"valueName":"search_term_string"}}],"inLanguage":"fr-FR"}]}},"_links":{"self":[{"href":"https:\/\/www.altercampagne.net\/index.php?rest_route=\/wp\/v2\/pages\/8572","targetHints":{"allow":["GET"]}}],"collection":[{"href":"https:\/\/www.altercampagne.net\/index.php?rest_route=\/wp\/v2\/pages"}],"about":[{"href":"https:\/\/www.altercampagne.net\/index.php?rest_route=\/wp\/v2\/types\/page"}],"author":[{"embeddable":true,"href":"https:\/\/www.altercampagne.net\/index.php?rest_route=\/wp\/v2\/users\/214"}],"replies":[{"embeddable":true,"href":"https:\/\/www.altercampagne.net\/index.php?rest_route=%2Fwp%2Fv2%2Fcomments&post=8572"}],"version-history":[{"count":2,"href":"https:\/\/www.altercampagne.net\/index.php?rest_route=\/wp\/v2\/pages\/8572\/revisions"}],"predecessor-version":[{"id":21282,"href":"https:\/\/www.altercampagne.net\/index.php?rest_route=\/wp\/v2\/pages\/8572\/revisions\/21282"}],"up":[{"embeddable":true,"href":"https:\/\/www.altercampagne.net\/index.php?rest_route=\/wp\/v2\/pages\/8567"}],"wp:attachment":[{"href":"https:\/\/www.altercampagne.net\/index.php?rest_route=%2Fwp%2Fv2%2Fmedia&parent=8572"}],"curies":[{"name":"wp","href":"https:\/\/api.w.org\/{rel}","templated":true}]}}