{"id":9245,"date":"2018-02-22T15:15:13","date_gmt":"2018-02-22T14:15:13","guid":{"rendered":"http:\/\/www.altercampagne.net\/?page_id=9245"},"modified":"2018-02-22T15:17:56","modified_gmt":"2018-02-22T14:17:56","slug":"photos-2015","status":"publish","type":"page","link":"https:\/\/www.altercampagne.net\/?page_id=9245","title":{"rendered":"Photos 2015"},"content":{"rendered":"<h3>AlterPhotos 2015<\/h3>\n<p>Photos de <a href=\"https:\/\/picasaweb.google.com\/112643592344148249303\/AT2015Du18Au26JuilletYome\" target=\"_blank\" rel=\"noopener\">Bure \u00e0 Volstroff &#8211; Du 18 au 26 juillet 2015<\/a><\/p>\n<p>Photos de <a href=\"https:\/\/picasaweb.google.com\/112643592344148249303\/AT2015Du27JuilletAu2AoutYome\" target=\"_blank\" rel=\"noopener\">Volstroff \u00e0 Pouru Saint R\u00e9my &#8211; Du 27 juillet au 2 ao\u00fbt 2015<\/a><\/p>\n<p>Photos de <a href=\"https:\/\/picasaweb.google.com\/112643592344148249303\/AT2015Du3Au9AoutYome\" target=\"_blank\" rel=\"noopener\">Pouru Saint R\u00e9my \u00e0 Li\u00e8ge &#8211; Du 3 au 9 ao\u00fbt 2015<\/a><\/p>\n<p>Photos de <a href=\"https:\/\/get.google.com\/albumarchive\/112643592344148249303\/album\/AF1QipPz1hQkhKcKKRC16ap9ErBGBbl1LyrA6HGf1SK_\" target=\"_blank\" rel=\"noopener\">Jodoigne \u00e0 Mouscron &#8211; Du 10 au 16 ao\u00fbt 2015<\/a><\/p>\n<p>Photos de <a href=\"https:\/\/picasaweb.google.com\/112643592344148249303\/AT2015Du17Au23AoutDeMouscronACalaisYome\" target=\"_blank\" rel=\"noopener\">Mouscron \u00e0 Calais &#8211; du 17 au 23 ao\u00fbt 2015<\/a><\/p>\n<h4 style=\"text-align: left;\">Photos des Altercyclistes 2015<\/h4>\n<p>Photos d&rsquo;Eric : <a href=\"https:\/\/picasaweb.google.com\/112643592344148249303\/AT2015Du18Au30JuilletEric#\" target=\"_blank\" rel=\"noopener\">de Bure \u00e0 Charleville-M\u00e9zi\u00e8res &#8211; du 18 au 30 juillet 2015<\/a><\/p>\n<p>Photos de David : <a href=\"https:\/\/picasaweb.google.com\/112643592344148249303\/AT2015Du24JuilletAu12AoutDavid\" target=\"_blank\" rel=\"noopener\">de Ancy-sur-Moselle \u00e0 Bruxelles &#8211; du 24 juillet au 12 ao\u00fbt 2015<\/a><\/p>\n<p>Photos de Metz \u00e0 V\u00e9lo : <a href=\"https:\/\/picasaweb.google.com\/112643592344148249303\/AT201525JuilletMetzAVelo\" target=\"_blank\" rel=\"noopener\">\u00e0 Metz &#8211; le 25 juillet 2015<\/a><\/p>\n<p>Photos de Martin : <a href=\"https:\/\/picasaweb.google.com\/112643592344148249303\/AT2015Du26JuilletAu2AoutMartin\" target=\"_blank\" rel=\"noopener\">de Volstroff \u00e0 Gedinne : du 26 juillet au 2 ao\u00fbt 2015<\/a><\/p>\n<p>Photos de Baptiste : <a href=\"https:\/\/goo.gl\/photos\/nWSUB7Ju3cZzqhb19\" target=\"_blank\" rel=\"noopener\">de Mesnil Eglise \u00e0 Loos en gohelle &#8211; Du 4 au 19 ao\u00fbt 2015<\/a><\/p>\n<p>Photos de Marcelline : <a href=\"https:\/\/get.google.com\/albumarchive\/112643592344148249303\/album\/AF1QipNzIWwHMfXOpugFG6KsZzbb05axIIskXT3sbKCM\" target=\"_blank\" rel=\"noopener\">de Li\u00e8ge \u00e0 Calais &#8211; du 10 au 23 ao\u00fbt 2015<\/a><\/p>\n<p>Photos de Jean-Luc : <a href=\"https:\/\/get.google.com\/albumarchive\/112643592344148249303\/album\/AF1QipMNB48zOyxgJIOntcB6QfoCuuUGFb8qlB-9QocP\" target=\"_blank\" rel=\"noopener\">de Gedinne \u00e0 Jodoigne &#8211; du 2 au 10 ao\u00fbt 2015<\/a><\/p>\n<p>Photos de C\u00e9line : <a href=\"https:\/\/picasaweb.google.com\/112643592344148249303\/AT2015Du7Au23AoutCeline\" target=\"_blank\" rel=\"noopener\">de Amay \u00e0 Calais &#8211; du 7 au 23 ao\u00fbt 2015<\/a><\/p>\n<p>Photos de C\u00e9line : <a href=\"https:\/\/picasaweb.google.com\/112643592344148249303\/AT2015Du10Au18AoutElise\" target=\"_blank\" rel=\"noopener\">de Jodoigne \u00e0 Loos-en-Goelles &#8211; du 10 au 18 ao\u00fbt 2015<\/a><\/p>\n<p>Photos de Dominique : <a href=\"https:\/\/goo.gl\/photos\/F68SDGKhpiJteuhv9\" target=\"_blank\" rel=\"noopener\">de Lille \u00e0 Calais &#8211; Du 17 au 25 ao\u00fbt 2015<\/a><\/p>\n<p>Photos de Houille Ouille Ouille : <a href=\"https:\/\/picasaweb.google.com\/112643592344148249303\/AT2015Du18Au19AoutLoosEnGohelles\" target=\"_blank\" rel=\"noopener\">Loos-en-Goelles &#8211; du 18 au 19 ao\u00fbt 2015<\/a><\/p>\n<p>&nbsp;<\/p>\n","protected":false},"excerpt":{"rendered":"<p>AlterPhotos 2015 Photos de Bure \u00e0 Volstroff &#8211; Du 18 au 26 juillet 2015 Photos de Volstroff \u00e0 Pouru Saint R\u00e9my &#8211; Du 27 juillet au 2 ao\u00fbt 2015 Photos de Pouru Saint R\u00e9my \u00e0 Li\u00e8ge &#8211; Du 3 au 9 ao\u00fbt 2015 Photos de Jodoigne \u00e0 Mouscron &#8211; Du &#8230; <\/p>\n<div><a href=\"https:\/\/www.altercampagne.net\/?page_id=9245\" class=\"more-link\">Read More<\/a><\/div>\n","protected":false},"author":167,"featured_media":0,"parent":0,"menu_order":0,"comment_status":"closed","ping_status":"closed","template":"","meta":{"footnotes":""},"class_list":["post-9245","page","type-page","status-publish","hentry","no-post-thumbnail"],"yoast_head":"<!-- This site is optimized with the Yoast SEO plugin v27.3 - https:\/\/yoast.com\/product\/yoast-seo-wordpress\/ -->\n<title>Photos 2015 - AlterTour<\/title>\n<meta name=\"robots\" content=\"index, follow, max-snippet:-1, max-image-preview:large, max-video-preview:-1\" \/>\n<link rel=\"canonical\" href=\"https:\/\/www.altercampagne.net\/?page_id=9245\" \/>\n<meta property=\"og:locale\" content=\"fr_FR\" \/>\n<meta property=\"og:type\" content=\"article\" \/>\n<meta property=\"og:title\" content=\"Photos 2015 - AlterTour\" \/>\n<meta property=\"og:description\" content=\"AlterPhotos 2015 Photos de Bure \u00e0 Volstroff &#8211; Du 18 au 26 juillet 2015 Photos de Volstroff \u00e0 Pouru Saint R\u00e9my &#8211; Du 27 juillet au 2 ao\u00fbt 2015 Photos de Pouru Saint R\u00e9my \u00e0 Li\u00e8ge &#8211; Du 3 au 9 ao\u00fbt 2015 Photos de Jodoigne \u00e0 Mouscron &#8211; Du ... Read More\" \/>\n<meta property=\"og:url\" content=\"https:\/\/www.altercampagne.net\/?page_id=9245\" \/>\n<meta property=\"og:site_name\" content=\"AlterTour\" \/>\n<meta property=\"article:modified_time\" content=\"2018-02-22T14:17:56+00:00\" \/>\n<meta name=\"twitter:card\" content=\"summary_large_image\" \/>\n<meta name=\"twitter:label1\" content=\"Dur\u00e9e de lecture estim\u00e9e\" \/>\n\t<meta name=\"twitter:data1\" content=\"1 minute\" \/>\n<script type=\"application\/ld+json\" class=\"yoast-schema-graph\">{\"@context\":\"https:\\\/\\\/schema.org\",\"@graph\":[{\"@type\":\"WebPage\",\"@id\":\"https:\\\/\\\/www.altercampagne.net\\\/?page_id=9245\",\"url\":\"https:\\\/\\\/www.altercampagne.net\\\/?page_id=9245\",\"name\":\"Photos 2015 - AlterTour\",\"isPartOf\":{\"@id\":\"https:\\\/\\\/www.altercampagne.net\\\/#website\"},\"datePublished\":\"2018-02-22T14:15:13+00:00\",\"dateModified\":\"2018-02-22T14:17:56+00:00\",\"breadcrumb\":{\"@id\":\"https:\\\/\\\/www.altercampagne.net\\\/?page_id=9245#breadcrumb\"},\"inLanguage\":\"fr-FR\",\"potentialAction\":[{\"@type\":\"ReadAction\",\"target\":[\"https:\\\/\\\/www.altercampagne.net\\\/?page_id=9245\"]}]},{\"@type\":\"BreadcrumbList\",\"@id\":\"https:\\\/\\\/www.altercampagne.net\\\/?page_id=9245#breadcrumb\",\"itemListElement\":[{\"@type\":\"ListItem\",\"position\":1,\"name\":\"Accueil\",\"item\":\"https:\\\/\\\/www.altercampagne.net\\\/\"},{\"@type\":\"ListItem\",\"position\":2,\"name\":\"Photos 2015\"}]},{\"@type\":\"WebSite\",\"@id\":\"https:\\\/\\\/www.altercampagne.net\\\/#website\",\"url\":\"https:\\\/\\\/www.altercampagne.net\\\/\",\"name\":\"AlterTour\",\"description\":\"Reliez les Alternatives \u00e0 v\u00e9lo\",\"potentialAction\":[{\"@type\":\"SearchAction\",\"target\":{\"@type\":\"EntryPoint\",\"urlTemplate\":\"https:\\\/\\\/www.altercampagne.net\\\/?s={search_term_string}\"},\"query-input\":{\"@type\":\"PropertyValueSpecification\",\"valueRequired\":true,\"valueName\":\"search_term_string\"}}],\"inLanguage\":\"fr-FR\"}]}<\/script>\n<!-- \/ Yoast SEO plugin. -->","yoast_head_json":{"title":"Photos 2015 - AlterTour","robots":{"index":"index","follow":"follow","max-snippet":"max-snippet:-1","max-image-preview":"max-image-preview:large","max-video-preview":"max-video-preview:-1"},"canonical":"https:\/\/www.altercampagne.net\/?page_id=9245","og_locale":"fr_FR","og_type":"article","og_title":"Photos 2015 - AlterTour","og_description":"AlterPhotos 2015 Photos de Bure \u00e0 Volstroff &#8211; Du 18 au 26 juillet 2015 Photos de Volstroff \u00e0 Pouru Saint R\u00e9my &#8211; Du 27 juillet au 2 ao\u00fbt 2015 Photos de Pouru Saint R\u00e9my \u00e0 Li\u00e8ge &#8211; Du 3 au 9 ao\u00fbt 2015 Photos de Jodoigne \u00e0 Mouscron &#8211; Du ... Read More","og_url":"https:\/\/www.altercampagne.net\/?page_id=9245","og_site_name":"AlterTour","article_modified_time":"2018-02-22T14:17:56+00:00","twitter_card":"summary_large_image","twitter_misc":{"Dur\u00e9e de lecture estim\u00e9e":"1 minute"},"schema":{"@context":"https:\/\/schema.org","@graph":[{"@type":"WebPage","@id":"https:\/\/www.altercampagne.net\/?page_id=9245","url":"https:\/\/www.altercampagne.net\/?page_id=9245","name":"Photos 2015 - AlterTour","isPartOf":{"@id":"https:\/\/www.altercampagne.net\/#website"},"datePublished":"2018-02-22T14:15:13+00:00","dateModified":"2018-02-22T14:17:56+00:00","breadcrumb":{"@id":"https:\/\/www.altercampagne.net\/?page_id=9245#breadcrumb"},"inLanguage":"fr-FR","potentialAction":[{"@type":"ReadAction","target":["https:\/\/www.altercampagne.net\/?page_id=9245"]}]},{"@type":"BreadcrumbList","@id":"https:\/\/www.altercampagne.net\/?page_id=9245#breadcrumb","itemListElement":[{"@type":"ListItem","position":1,"name":"Accueil","item":"https:\/\/www.altercampagne.net\/"},{"@type":"ListItem","position":2,"name":"Photos 2015"}]},{"@type":"WebSite","@id":"https:\/\/www.altercampagne.net\/#website","url":"https:\/\/www.altercampagne.net\/","name":"AlterTour","description":"Reliez les Alternatives \u00e0 v\u00e9lo","potentialAction":[{"@type":"SearchAction","target":{"@type":"EntryPoint","urlTemplate":"https:\/\/www.altercampagne.net\/?s={search_term_string}"},"query-input":{"@type":"PropertyValueSpecification","valueRequired":true,"valueName":"search_term_string"}}],"inLanguage":"fr-FR"}]}},"_links":{"self":[{"href":"https:\/\/www.altercampagne.net\/index.php?rest_route=\/wp\/v2\/pages\/9245","targetHints":{"allow":["GET"]}}],"collection":[{"href":"https:\/\/www.altercampagne.net\/index.php?rest_route=\/wp\/v2\/pages"}],"about":[{"href":"https:\/\/www.altercampagne.net\/index.php?rest_route=\/wp\/v2\/types\/page"}],"author":[{"embeddable":true,"href":"https:\/\/www.altercampagne.net\/index.php?rest_route=\/wp\/v2\/users\/167"}],"replies":[{"embeddable":true,"href":"https:\/\/www.altercampagne.net\/index.php?rest_route=%2Fwp%2Fv2%2Fcomments&post=9245"}],"version-history":[{"count":0,"href":"https:\/\/www.altercampagne.net\/index.php?rest_route=\/wp\/v2\/pages\/9245\/revisions"}],"wp:attachment":[{"href":"https:\/\/www.altercampagne.net\/index.php?rest_route=%2Fwp%2Fv2%2Fmedia&parent=9245"}],"curies":[{"name":"wp","href":"https:\/\/api.w.org\/{rel}","templated":true}]}}